{"id":110,"date":"2025-09-12T12:57:20","date_gmt":"2025-09-12T12:57:20","guid":{"rendered":"https:\/\/ichzeit.ch\/?page_id=110"},"modified":"2025-12-15T19:59:38","modified_gmt":"2025-12-15T18:59:38","slug":"infos","status":"publish","type":"page","link":"https:\/\/ichzeit.ch\/?page_id=110","title":{"rendered":"Infos"},"content":{"rendered":"<p>[et_pb_section fb_built=&#8220;1&#8243; admin_label=&#8220;Packages&#8220; _builder_version=&#8220;4.27.4&#8243; use_background_color_gradient=&#8220;on&#8220; background_color_gradient_direction=&#8220;90deg&#8220; background_color_gradient_stops=&#8220;#ffdfd6 0%|#ffd4a3 100%&#8220; background_color_gradient_start=&#8220;#ffdfd6&#8243; background_color_gradient_end=&#8220;#ffd4a3&#8243; background_image=&#8220;https:\/\/ichzeit.ch\/wp-content\/uploads\/2025\/10\/Baum-dunkel-hell-scaled.jpg&#8220; background_position=&#8220;bottom_center&#8220; height=&#8220;100vh&#8220; custom_margin=&#8220;0px||240px||false|false&#8220; custom_margin_tablet=&#8220;||||false|false&#8220; custom_margin_phone=&#8220;&#8220; custom_margin_last_edited=&#8220;on|phone&#8220; custom_padding=&#8220;0px||||false|false&#8220; locked=&#8220;off&#8220; global_colors_info=&#8220;{}&#8220;][et_pb_row use_custom_gutter=&#8220;on&#8220; gutter_width=&#8220;2&#8243; custom_padding_last_edited=&#8220;on|desktop&#8220; _builder_version=&#8220;4.27.4&#8243; background_enable_color=&#8220;off&#8220; use_background_color_gradient=&#8220;on&#8220; background_color_gradient_stops=&#8220;#ffffff 24%|rgba(255,255,255,0) 100%&#8220; background_enable_image=&#8220;off&#8220; background_size=&#8220;contain&#8220; background_position=&#8220;top_right&#8220; width=&#8220;85%&#8220; width_tablet=&#8220;100%&#8220; width_phone=&#8220;100%&#8220; width_last_edited=&#8220;on|desktop&#8220; max_width=&#8220;1280px&#8220; custom_margin=&#8220;-140px|auto||auto|false|false&#8220; custom_margin_tablet=&#8220;-140px|auto||auto|false|false&#8220; custom_margin_phone=&#8220;-140px|auto||auto|false|false&#8220; custom_margin_last_edited=&#8220;on|phone&#8220; custom_padding=&#8220;|70px|300px|70px|false|true&#8220; custom_padding_tablet=&#8220;|40px||40px|false|true&#8220; custom_padding_phone=&#8220;|0px||0px|false|true&#8220; background_last_edited=&#8220;on|desktop&#8220; background_enable_image_tablet=&#8220;off&#8220; box_shadow_style=&#8220;preset1&#8243; box_shadow_vertical=&#8220;50px&#8220; box_shadow_blur=&#8220;80px&#8220; box_shadow_color=&#8220;rgba(56,21,11,0.09)&#8220; global_colors_info=&#8220;{}&#8220;][et_pb_column type=&#8220;4_4&#8243; _builder_version=&#8220;4.16&#8243; global_colors_info=&#8220;{}&#8220;][et_pb_image src=&#8220;https:\/\/ichzeit.ch\/wp-content\/uploads\/2025\/09\/cropped-Logo_ichZeit_RGB_Weiss.png&#8220; title_text=&#8220;cropped-Logo_ichZeit_RGB_Weiss.png&#8220; url=&#8220;@ET-DC@eyJkeW5hbWljIjp0cnVlLCJjb250ZW50IjoicG9zdF9saW5rX3VybF9wYWdlIiwic2V0dGluZ3MiOnsicG9zdF9pZCI6IjM4In19@&#8220; align=&#8220;right&#8220; align_tablet=&#8220;center&#8220; align_phone=&#8220;center&#8220; align_last_edited=&#8220;on|phone&#8220; disabled_on=&#8220;on|on|off&#8220; module_id=&#8220;fixed-top-right&#8220; module_class=&#8220;fixed-top-right&#8220; _builder_version=&#8220;4.27.4&#8243; _dynamic_attributes=&#8220;url&#8220; _module_preset=&#8220;default&#8220; width=&#8220;150px&#8220; custom_margin=&#8220;||||false|false&#8220; custom_css_free_form=&#8220;.fixed-top-right {||  position: fixed;||  top: 0;||  left: 0;||  margin: 50px;||  margin-top: 100px;||  z-index: 9999; \/* sorgt daf\u00fcr, dass es \u00fcber allem liegt *\/||}||||||&#8220; global_module=&#8220;195&#8243; saved_tabs=&#8220;all&#8220; locked=&#8220;off&#8220; global_colors_info=&#8220;{}&#8220;][\/et_pb_image][et_pb_text _builder_version=&#8220;4.27.4&#8243; text_font=&#8220;||||||||&#8220; header_font=&#8220;|700|||||||&#8220; header_text_color=&#8220;gcid-primary-color&#8220; header_font_size=&#8220;60px&#8220; header_2_font=&#8220;|700|||||||&#8220; header_2_text_align=&#8220;center&#8220; header_2_text_color=&#8220;#2b2b2b&#8220; header_2_font_size=&#8220;42px&#8220; header_2_line_height=&#8220;1.5em&#8220; background_size=&#8220;initial&#8220; background_position=&#8220;top_left&#8220; background_repeat=&#8220;repeat&#8220; text_orientation=&#8220;center&#8220; module_alignment=&#8220;center&#8220; custom_margin=&#8220;100px||20px||false|false&#8220; custom_margin_tablet=&#8220;80px||20px||false|false&#8220; custom_margin_phone=&#8220;80px||15px||false|false&#8220; custom_margin_last_edited=&#8220;on|desktop&#8220; header_font_size_tablet=&#8220;60px&#8220; header_font_size_phone=&#8220;37px&#8220; header_font_size_last_edited=&#8220;on|phone&#8220; locked=&#8220;off&#8220; global_colors_info=&#8220;{%22gcid-primary-color%22:%91%22header_text_color%22,%22header_text_color%22,%22header_text_color%22%93}&#8220;]<\/p>\n<h1>Infos<\/h1>\n<p>[\/et_pb_text][\/et_pb_column][\/et_pb_row][et_pb_row column_structure=&#8220;1_3,1_3,1_3&#8243; _builder_version=&#8220;4.27.4&#8243; background_color=&#8220;RGBA(255,255,255,0)&#8220; custom_margin=&#8220;-281px|auto|-260px|auto||&#8220; global_colors_info=&#8220;{}&#8220;][et_pb_column type=&#8220;1_3&#8243; _builder_version=&#8220;4.27.4&#8243; background_color=&#8220;#FFFFFF&#8220; custom_padding=&#8220;0px||||false|false&#8220; border_color_all=&#8220;RGBA(255,255,255,0)&#8220; global_colors_info=&#8220;{}&#8220;][et_pb_image src=&#8220;https:\/\/ichzeit.ch\/wp-content\/uploads\/2025\/10\/Preise.jpg&#8220; title_text=&#8220;Preise&#8220; _builder_version=&#8220;4.27.4&#8243; custom_margin=&#8220;20px||0px||false|false&#8220; custom_padding=&#8220;|25px||25px|false|false&#8220; global_colors_info=&#8220;{}&#8220;][\/et_pb_image][et_pb_text _builder_version=&#8220;4.27.4&#8243; _module_preset=&#8220;default&#8220; text_font_size=&#8220;16px&#8220; text_line_height=&#8220;1.8em&#8220; header_2_font=&#8220;|700||on|||||&#8220; header_2_text_color=&#8220;gcid-primary-color&#8220; header_4_font=&#8220;|600|||||||&#8220; background_color=&#8220;#FFFFFF&#8220; custom_padding=&#8220;20px|20px|20px|20px|false|false&#8220; global_colors_info=&#8220;{%22gcid-primary-color%22:%91%22header_2_text_color%22,%22header_2_text_color%22%93}&#8220;]<\/p>\n<h2>Preise<\/h2>\n<p><strong>Bezahlung:<\/strong> Bargeld oder auf Rechnung<strong><\/strong><\/p>\n<p>[\/et_pb_text][et_pb_pricing_tables header_background_color=&#8220;rgba(0,0,0,0)&#8220; featured_table_subheader_text_color=&#8220;gcid-body-color&#8220; bullet_color=&#8220;#000000&#8243; _builder_version=&#8220;4.27.4&#8243; price_text_color=&#8220;#73B841&#8243; subheader_text_color=&#8220;#ffffff&#8220; header_text_color=&#8220;#73b841&#8243; header_font=&#8220;|700||on|||||&#8220; header_text_align=&#8220;center&#8220; header_font_size=&#8220;25px&#8220; header_line_height=&#8220;1.5em&#8220; body_text_align=&#8220;left&#8220; body_font_size=&#8220;18px&#8220; subheader_font_size=&#8220;18px&#8220; price_font=&#8220;Abel||||||||&#8220; background_color=&#8220;#ffffff&#8220; text_orientation=&#8220;center&#8220; custom_margin=&#8220;0px||0px||false|false&#8220; custom_padding=&#8220;0px||10px||false|false&#8220; custom_css_pricing_top=&#8220;border: none;&#8220; border_width_all=&#8220;0px&#8220; border_color_all=&#8220;#ffffff&#8220; border_width_top=&#8220;20px&#8220; global_colors_info=&#8220;{%22gcid-body-color%22:%91%22featured_table_subheader_text_color%22%93}&#8220;][et_pb_pricing_table title=&#8220;Fussmassage&#8220; currency=&#8220;CHF&#8220; per=&#8220; 50 Min&#8220; sum=&#8220;90&#8243; _builder_version=&#8220;4.27.4&#8243; custom_padding=&#8220;10px||5px||false|false&#8220; box_shadow_style=&#8220;preset1&#8243; box_shadow_vertical=&#8220;50px&#8220; box_shadow_blur=&#8220;80px&#8220; box_shadow_color=&#8220;rgba(12,2,2,0.1)&#8220; global_colors_info=&#8220;{}&#8220; sticky_transition=&#8220;on&#8220;][\/et_pb_pricing_table][\/et_pb_pricing_tables][et_pb_pricing_tables header_background_color=&#8220;rgba(0,0,0,0)&#8220; featured_table_subheader_text_color=&#8220;gcid-body-color&#8220; bullet_color=&#8220;#000000&#8243; _builder_version=&#8220;4.27.4&#8243; price_text_color=&#8220;#73B841&#8243; subheader_text_color=&#8220;#ffffff&#8220; header_text_color=&#8220;#73b841&#8243; header_font=&#8220;|700||on|||||&#8220; header_text_align=&#8220;center&#8220; header_font_size=&#8220;25px&#8220; header_line_height=&#8220;1.5em&#8220; body_text_align=&#8220;left&#8220; body_font_size=&#8220;18px&#8220; subheader_font_size=&#8220;18px&#8220; price_font=&#8220;Abel||||||||&#8220; background_color=&#8220;#ffffff&#8220; text_orientation=&#8220;center&#8220; custom_margin=&#8220;0px||0px||false|false&#8220; custom_padding=&#8220;0px||10px||false|false&#8220; custom_css_pricing_top=&#8220;border: none;&#8220; border_width_all=&#8220;0px&#8220; border_color_all=&#8220;#ffffff&#8220; border_width_top=&#8220;20px&#8220; locked=&#8220;off&#8220; global_colors_info=&#8220;{%22gcid-body-color%22:%91%22featured_table_subheader_text_color%22%93}&#8220;][et_pb_pricing_table title=&#8220; Therapeutic Touch (TT) &#8220; currency=&#8220;CHF&#8220; per=&#8220; 60 Min&#8220; sum=&#8220;100&#8243; _builder_version=&#8220;4.27.4&#8243; custom_padding=&#8220;10px||5px||false|false&#8220; box_shadow_style=&#8220;preset1&#8243; box_shadow_vertical=&#8220;50px&#8220; box_shadow_blur=&#8220;80px&#8220; box_shadow_color=&#8220;rgba(12,2,2,0.1)&#8220; global_colors_info=&#8220;{%22gcid-body-color%22:%91%22subheader_text_color%22%93}&#8220; sticky_transition=&#8220;on&#8220;][\/et_pb_pricing_table][\/et_pb_pricing_tables][et_pb_pricing_tables header_background_color=&#8220;rgba(0,0,0,0)&#8220; featured_table_subheader_text_color=&#8220;#000000&#8243; bullet_color=&#8220;#000000&#8243; _builder_version=&#8220;4.27.4&#8243; price_text_color=&#8220;#73B841&#8243; subheader_text_color=&#8220;gcid-body-color&#8220; header_text_color=&#8220;#73b841&#8243; header_font=&#8220;|700||on|||||&#8220; header_text_align=&#8220;center&#8220; header_font_size=&#8220;28px&#8220; header_line_height=&#8220;1.5em&#8220; body_text_align=&#8220;left&#8220; body_font_size=&#8220;18px&#8220; subheader_font_size=&#8220;18px&#8220; price_font=&#8220;Abel||||||||&#8220; background_color=&#8220;#ffffff&#8220; text_orientation=&#8220;center&#8220; custom_margin=&#8220;0px||0px||false|false&#8220; custom_padding=&#8220;0px||10px||false|false&#8220; custom_css_pricing_top=&#8220;border: none;&#8220; border_width_all=&#8220;0px&#8220; border_color_all=&#8220;#ffffff&#8220; border_width_top=&#8220;20px&#8220; locked=&#8220;off&#8220; global_colors_info=&#8220;{%22gcid-body-color%22:%91%22subheader_text_color%22%93}&#8220;][et_pb_pricing_table title=&#8220;Fussmassage &#038; TT&#8220; currency=&#8220;CHF&#8220; per=&#8220; 70 Min&#8220; sum=&#8220;110&#8243; _builder_version=&#8220;4.27.4&#8243; header_font_size=&#8220;25px&#8220; background_color=&#8220;#FFFFFF&#8220; background_enable_color=&#8220;on&#8220; custom_padding=&#8220;10px||5px||false|false&#8220; box_shadow_style=&#8220;preset1&#8243; box_shadow_vertical=&#8220;50px&#8220; box_shadow_blur=&#8220;80px&#8220; box_shadow_color=&#8220;rgba(12,2,2,0.1)&#8220; global_colors_info=&#8220;{}&#8220; sticky_transition=&#8220;on&#8220;][\/et_pb_pricing_table][\/et_pb_pricing_tables][\/et_pb_column][et_pb_column type=&#8220;1_3&#8243; _builder_version=&#8220;4.27.4&#8243; background_color=&#8220;#FFFFFF&#8220; custom_padding=&#8220;0px||||false|false&#8220; box_shadow_style=&#8220;preset3&#8243; global_colors_info=&#8220;{}&#8220;][et_pb_image src=&#8220;https:\/\/ichzeit.ch\/wp-content\/uploads\/2025\/10\/Werkzeug.jpg&#8220; title_text=&#8220;Werkzeug&#8220; _builder_version=&#8220;4.27.4&#8243; custom_margin=&#8220;20px||0px||false|false&#8220; custom_padding=&#8220;|25px||25px|false|false&#8220; locked=&#8220;off&#8220; global_colors_info=&#8220;{}&#8220;][\/et_pb_image][et_pb_text _builder_version=&#8220;4.27.4&#8243; _module_preset=&#8220;default&#8220; text_font_size=&#8220;16px&#8220; text_line_height=&#8220;1.8em&#8220; header_2_font=&#8220;|700||on|||||&#8220; header_2_text_color=&#8220;gcid-primary-color&#8220; header_4_font=&#8220;|600|||||||&#8220; background_color=&#8220;#FFFFFF&#8220; custom_padding=&#8220;20px|20px|20px|20px|false|false&#8220; global_colors_info=&#8220;{%22gcid-primary-color%22:%91%22header_2_text_color%22%93}&#8220;]<\/p>\n<h2>Werkzeuge<\/h2>\n<p>Geben sie sich in ihrem Alltag aktiv kleine Auszeiten &#8211; ichzeiten.<\/p>\n<p>Wenn sie m\u00f6chten, erhalten sie\u00a0 von mir dazu einfachst zu bedienende Werkzeuge.<\/p>\n<p>Die Anwendung dieser Werkzeuge k\u00f6nnen in ihrem K\u00f6rper Momente der Entspannung und Erholung ausl\u00f6sen. Auch in ihren Gedanken, im Geist kann Ruhe und Klarheit einkehren.<br \/>Diese kurzen aber effektiven Momente im Alltag lassen sie die weitere Arbeit etwas entspannter angehen. Bei regelm\u00e4ssiger Anwendung hallen sie auch l\u00e4nger nach.<\/p>\n<p>Aber Achtung!!! Die Werkzeuge m\u00fcssen sie selber bedienen. Sie entscheiden sich -wann immer sie wollen &#8211;\u00a0 f\u00fcr eine kurze und wohltuende ichzeit im Alltag.<\/p>\n<p>[\/et_pb_text][\/et_pb_column][et_pb_column type=&#8220;1_3&#8243; _builder_version=&#8220;4.27.4&#8243; background_color=&#8220;#FFFFFF&#8220; custom_padding=&#8220;0px||||false|false&#8220; box_shadow_style=&#8220;preset3&#8243; global_colors_info=&#8220;{}&#8220;][et_pb_image src=&#8220;https:\/\/ichzeit.ch\/wp-content\/uploads\/2025\/10\/Gutschein.jpg&#8220; title_text=&#8220;Gutschein&#8220; _builder_version=&#8220;4.27.4&#8243; custom_margin=&#8220;20px||0px||false|false&#8220; custom_padding=&#8220;|25px||25px|false|false&#8220; locked=&#8220;off&#8220; global_colors_info=&#8220;{}&#8220;][\/et_pb_image][et_pb_text _builder_version=&#8220;4.27.4&#8243; _module_preset=&#8220;default&#8220; text_font_size=&#8220;16px&#8220; text_line_height=&#8220;1.8em&#8220; header_2_font=&#8220;|700||on|||||&#8220; header_2_text_color=&#8220;gcid-primary-color&#8220; header_4_font=&#8220;|600|||||||&#8220; background_color=&#8220;#FFFFFF&#8220; custom_padding=&#8220;20px|20px|20px|20px|false|false&#8220; global_colors_info=&#8220;{%22gcid-primary-color%22:%91%22header_2_text_color%22,%22header_2_text_color%22%93}&#8220;]<\/p>\n<h2>Gutschein<\/h2>\n<p>Verschenken sie Wohlbefinden. Verhelfen sie jemandem zu einer kleine Auszeit vom Alltag, einer\u00a0 Stunde ichzeit.<\/p>\n<p>Gutscheine k\u00f6nnen bei mir in der Praxis bezogen werden, oder gegen Vorauskasse schicke ich ihn an ihre Mail- oder Wohnadresse.<\/p>\n<p>Solange ich dieses Handwerk anbiete sind die Gutscheine\u00a0 g\u00fcltig.<\/p>\n<p>[\/et_pb_text][\/et_pb_column][\/et_pb_row][\/et_pb_section][et_pb_section fb_built=&#8220;1&#8243; admin_label=&#8220;Featured Products&#8220; _builder_version=&#8220;4.27.4&#8243; custom_margin=&#8220;-100px||||false|false&#8220; custom_margin_tablet=&#8220;-100px||||false|false&#8220; custom_margin_phone=&#8220;2000px||||false|false&#8220; custom_margin_last_edited=&#8220;on|phone&#8220; custom_padding=&#8220;0px||100px||false|false&#8220; locked=&#8220;off&#8220; global_colors_info=&#8220;{}&#8220;][et_pb_row custom_padding_last_edited=&#8220;on|tablet&#8220; _builder_version=&#8220;4.27.4&#8243; background_size=&#8220;initial&#8220; background_position=&#8220;top_left&#8220; background_repeat=&#8220;repeat&#8220; custom_margin=&#8220;0px||||false|false&#8220; custom_padding=&#8220;0px||||false|false&#8220; custom_padding_tablet=&#8220;||||false|false&#8220; custom_padding_phone=&#8220;||||false|false&#8220; global_colors_info=&#8220;{}&#8220;][et_pb_column type=&#8220;4_4&#8243; _builder_version=&#8220;4.27.4&#8243; _module_preset=&#8220;default&#8220; custom_padding=&#8220;0px||||false|false&#8220; global_colors_info=&#8220;{}&#8220;][et_pb_divider color=&#8220;#f7d584&#8243; divider_weight=&#8220;3px&#8220; disabled_on=&#8220;on|on|off&#8220; _builder_version=&#8220;4.27.4&#8243; max_width=&#8220;80px&#8220; module_alignment=&#8220;center&#8220; height=&#8220;10px&#8220; custom_margin=&#8220;||20px|&#8220; custom_margin_tablet=&#8220;||20px|&#8220; custom_margin_phone=&#8220;50px||||false|false&#8220; custom_margin_last_edited=&#8220;on|phone&#8220; custom_padding_tablet=&#8220;&#8220; custom_padding_phone=&#8220;50px||||false|false&#8220; custom_padding_last_edited=&#8220;on|phone&#8220; animation_style=&#8220;slide&#8220; animation_direction=&#8220;bottom&#8220; saved_tabs=&#8220;all&#8220; locked=&#8220;off&#8220; global_colors_info=&#8220;{}&#8220;][\/et_pb_divider][et_pb_divider color=&#8220;#f7d584&#8243; divider_weight=&#8220;3px&#8220; disabled_on=&#8220;on|on|off&#8220; _builder_version=&#8220;4.27.4&#8243; max_width=&#8220;80px&#8220; module_alignment=&#8220;center&#8220; height=&#8220;10px&#8220; custom_margin=&#8220;||20px|&#8220; custom_margin_tablet=&#8220;||20px|&#8220; custom_margin_phone=&#8220;50px||||false|false&#8220; custom_margin_last_edited=&#8220;on|phone&#8220; custom_padding_tablet=&#8220;&#8220; custom_padding_phone=&#8220;50px||||false|false&#8220; custom_padding_last_edited=&#8220;on|phone&#8220; animation_style=&#8220;slide&#8220; animation_direction=&#8220;bottom&#8220; saved_tabs=&#8220;all&#8220; locked=&#8220;off&#8220; global_colors_info=&#8220;{}&#8220;][\/et_pb_divider][et_pb_text _builder_version=&#8220;4.27.4&#8243; _module_preset=&#8220;default&#8220; text_text_color=&#8220;gcid-primary-color&#8220; text_font_size=&#8220;20px&#8220; text_line_height=&#8220;1.8em&#8220; text_orientation=&#8220;center&#8220; global_colors_info=&#8220;{%22gcid-primary-color%22:%91%22text_text_color%22%93}&#8220;]<\/p>\n<p>&nbsp;<\/p>\n<p>Mein Handwerk ist nicht Krankenkassen anerkannt.<\/p>\n<p>Meine Be-Handlungen ersetzen keine fach\u00e4rztliche Abkl\u00e4rung.<br \/>Es wird kein Heilversprechen abgegeben.<\/p>\n<p>[\/et_pb_text][\/et_pb_column][\/et_pb_row][\/et_pb_section][et_pb_section fb_built=&#8220;1&#8243; _builder_version=&#8220;4.27.4&#8243; _module_preset=&#8220;default&#8220; background_color=&#8220;#73b841&#8243; global_module=&#8220;80&#8243; saved_tabs=&#8220;all&#8220; global_colors_info=&#8220;{}&#8220;][et_pb_row column_structure=&#8220;1_3,1_3,1_3&#8243; _builder_version=&#8220;4.27.4&#8243; _module_preset=&#8220;default&#8220; global_colors_info=&#8220;{}&#8220;][et_pb_column type=&#8220;1_3&#8243; _builder_version=&#8220;4.27.4&#8243; _module_preset=&#8220;default&#8220; global_colors_info=&#8220;{}&#8220;][et_pb_image src=&#8220;https:\/\/ichzeit.ch\/wp-content\/uploads\/2025\/10\/Logo_ichZeit_gelb_weiss.png&#8220; title_text=&#8220;Logo_ichZeit_gelb_weiss&#8220; align=&#8220;center&#8220; align_tablet=&#8220;center&#8220; align_phone=&#8220;center&#8220; align_last_edited=&#8220;on|phone&#8220; _builder_version=&#8220;4.27.4&#8243; _module_preset=&#8220;default&#8220; width=&#8220;200px&#8220; custom_margin=&#8220;0px||||false|false&#8220; global_colors_info=&#8220;{}&#8220;][\/et_pb_image][\/et_pb_column][et_pb_column type=&#8220;1_3&#8243; _builder_version=&#8220;4.27.4&#8243; _module_preset=&#8220;default&#8220; global_colors_info=&#8220;{}&#8220;][et_pb_text _builder_version=&#8220;4.27.4&#8243; text_font=&#8220;||||||||&#8220; text_text_color=&#8220;rgba(0,0,0,0.5)&#8220; text_font_size=&#8220;18px&#8220; text_line_height=&#8220;1.8em&#8220; header_font=&#8220;||||||||&#8220; header_4_font=&#8220;|700||on|||||&#8220; header_4_text_color=&#8220;#ffd429&#8243; header_4_font_size=&#8220;16px&#8220; header_4_letter_spacing=&#8220;1px&#8220; header_4_line_height=&#8220;1.5em&#8220; background_layout=&#8220;dark&#8220; text_orientation_tablet=&#8220;center&#8220; text_orientation_phone=&#8220;center&#8220; text_orientation_last_edited=&#8220;on|desktop&#8220; locked=&#8220;off&#8220; global_colors_info=&#8220;{}&#8220;]<\/p>\n<h4><strong>Terminvereinbarung<\/strong><\/h4>\n<p>Ich freue mich, sie auf ihrem Weg zu ihrem Wohlbefinden oder ihrer Genesung mit meinem Handwerk zu begleiten.<\/p>\n<p>Priscilla Kaspar<\/p>\n<p>079 422 64 88<br \/>Telefonisch erreichen sie mich jeweils Mittwoch Abend<br \/>19h00 \u2013 20h00<\/p>\n<p><span style=\"color: #ffff00;\"><a href=\"mailto:contact@ichzeit.ch\" style=\"color: #ffd429;\">contact@ichzeit.ch<\/a><\/span><\/p>\n<p>[\/et_pb_text][et_pb_code _builder_version=&#8220;4.27.4&#8243; _module_preset=&#8220;default&#8220; module_alignment=&#8220;center&#8220; text_orientation_tablet=&#8220;&#8220; text_orientation_phone=&#8220;center&#8220; text_orientation_last_edited=&#8220;on|phone&#8220; custom_css_free_form=&#8220;.icon-links {||  display: flex;||  gap: 10px; \/* Abstand zwischen den Icons *\/||  justify-content: flex-start; \/* linksb\u00fcndig *\/||  align-items: center;||}||||.icon-links img {||  width: 40px;   \/* Icon-Gr\u00f6sse, bei Bedarf anpassen *\/||  height: auto;||  cursor: pointer;||}||||\/* Mobile: Icons zentrieren *\/||@media (max-width: 768px) {||  .icon-links {||    justify-content: center;||  }||}||&#8220; global_colors_info=&#8220;{}&#8220;]<\/p>\n<div class=\"icon-links\"><!-- [et_pb_line_break_holder] -->  <a href=\"https:\/\/wa.me\/41794226488\" target=\"_blank\" aria-label=\"WhatsApp\" rel=\"noopener\"><!-- [et_pb_line_break_holder] -->    <img decoding=\"async\" src=\"https:\/\/ichzeit.ch\/wp-content\/uploads\/2025\/10\/Whatsapp_gelb.png\" alt=\"WhatsApp\"><!-- [et_pb_line_break_holder] -->  <\/a><!-- [et_pb_line_break_holder] -->  <a href=\"https:\/\/signal.me\/#p\/+41794226488\" target=\"_blank\" aria-label=\"Signal\" rel=\"noopener\"><!-- [et_pb_line_break_holder] -->    <img decoding=\"async\" src=\"https:\/\/ichzeit.ch\/wp-content\/uploads\/2025\/10\/Signal_gelb.png\" alt=\"Signal\"><!-- [et_pb_line_break_holder] -->  <\/a><!-- [et_pb_line_break_holder] --><\/div>\n<p><!-- [et_pb_line_break_holder] -->[\/et_pb_code][\/et_pb_column][et_pb_column type=&#8220;1_3&#8243; _builder_version=&#8220;4.27.4&#8243; _module_preset=&#8220;default&#8220; global_colors_info=&#8220;{}&#8220;][et_pb_text _builder_version=&#8220;4.27.4&#8243; text_font=&#8220;||||||||&#8220; text_text_color=&#8220;rgba(0,0,0,0.5)&#8220; text_font_size=&#8220;18px&#8220; text_line_height=&#8220;1.8em&#8220; header_font=&#8220;||||||||&#8220; header_4_font=&#8220;|700||on|||||&#8220; header_4_text_color=&#8220;#ffd429&#8243; header_4_font_size=&#8220;16px&#8220; header_4_letter_spacing=&#8220;1px&#8220; header_4_line_height=&#8220;1.5em&#8220; background_layout=&#8220;dark&#8220; custom_margin_tablet=&#8220;40px||||false|false&#8220; custom_margin_phone=&#8220;40px||||false|false&#8220; custom_margin_last_edited=&#8220;on|desktop&#8220; text_orientation_tablet=&#8220;center&#8220; text_orientation_phone=&#8220;center&#8220; text_orientation_last_edited=&#8220;on|phone&#8220; locked=&#8220;off&#8220; global_colors_info=&#8220;{}&#8220;]<\/p>\n<h4>Standort<\/h4>\n<p><strong><span>Praxis ichzeit<br \/><\/span><\/strong><span>Gerbegraben 4<br \/>3110 M\u00fcnsingen<\/span><\/p>\n<p><span>und<\/span><\/p>\n<p><span>Eigerstrasse 42<br \/>3007 Bern<\/span><\/p>\n<p>&nbsp;<\/p>\n<p>[\/et_pb_text][\/et_pb_column][\/et_pb_row][\/et_pb_section]<\/p>\n","protected":false},"excerpt":{"rendered":"<p>InfosPreise Bezahlung: Bargeld oder auf RechnungWerkzeuge Geben sie sich in ihrem Alltag aktiv kleine Auszeiten &#8211; ichzeiten. Wenn sie m\u00f6chten, erhalten sie\u00a0 von mir dazu einfachst zu bedienende Werkzeuge. Die Anwendung dieser Werkzeuge k\u00f6nnen in ihrem K\u00f6rper Momente der Entspannung und Erholung ausl\u00f6sen. Auch in ihren Gedanken, im Geist kann Ruhe und Klarheit einkehren.Diese kurzen [&hellip;]<\/p>\n","protected":false},"author":2,"featured_media":0,"parent":0,"menu_order":0,"comment_status":"closed","ping_status":"closed","template":"","meta":{"_et_pb_use_builder":"on","_et_pb_old_content":"","_et_gb_content_width":"","footnotes":""},"class_list":["post-110","page","type-page","status-publish","hentry"],"_links":{"self":[{"href":"https:\/\/ichzeit.ch\/index.php?rest_route=\/wp\/v2\/pages\/110","targetHints":{"allow":["GET"]}}],"collection":[{"href":"https:\/\/ichzeit.ch\/index.php?rest_route=\/wp\/v2\/pages"}],"about":[{"href":"https:\/\/ichzeit.ch\/index.php?rest_route=\/wp\/v2\/types\/page"}],"author":[{"embeddable":true,"href":"https:\/\/ichzeit.ch\/index.php?rest_route=\/wp\/v2\/users\/2"}],"replies":[{"embeddable":true,"href":"https:\/\/ichzeit.ch\/index.php?rest_route=%2Fwp%2Fv2%2Fcomments&post=110"}],"version-history":[{"count":69,"href":"https:\/\/ichzeit.ch\/index.php?rest_route=\/wp\/v2\/pages\/110\/revisions"}],"predecessor-version":[{"id":826,"href":"https:\/\/ichzeit.ch\/index.php?rest_route=\/wp\/v2\/pages\/110\/revisions\/826"}],"wp:attachment":[{"href":"https:\/\/ichzeit.ch\/index.php?rest_route=%2Fwp%2Fv2%2Fmedia&parent=110"}],"curies":[{"name":"wp","href":"https:\/\/api.w.org\/{rel}","templated":true}]}}