{"id":112,"date":"2025-09-12T12:57:40","date_gmt":"2025-09-12T12:57:40","guid":{"rendered":"https:\/\/ichzeit.ch\/?page_id=112"},"modified":"2026-02-20T20:20:38","modified_gmt":"2026-02-20T19:20:38","slug":"ueber-mich","status":"publish","type":"page","link":"https:\/\/ichzeit.ch\/?page_id=112","title":{"rendered":"\u00dcber mich"},"content":{"rendered":"<p>[et_pb_section fb_built=&#8220;1&#8243; admin_label=&#8220;Packages&#8220; _builder_version=&#8220;4.27.4&#8243; use_background_color_gradient=&#8220;on&#8220; background_color_gradient_direction=&#8220;90deg&#8220; background_color_gradient_stops=&#8220;#ffdfd6 0%|#ffd4a3 100%&#8220; background_color_gradient_start=&#8220;#ffdfd6&#8243; background_color_gradient_end=&#8220;#ffd4a3&#8243; background_image=&#8220;https:\/\/ichzeit.ch\/wp-content\/uploads\/2025\/10\/Baum-dunkel-hell-scaled.jpg&#8220; background_position=&#8220;bottom_center&#8220; height=&#8220;100vh&#8220; custom_margin=&#8220;0px||0px||false|false&#8220; custom_margin_tablet=&#8220;||||false|false&#8220; custom_margin_phone=&#8220;&#8220; custom_margin_last_edited=&#8220;on|tablet&#8220; custom_padding=&#8220;0px||0px||false|false&#8220; locked=&#8220;off&#8220; global_colors_info=&#8220;{}&#8220;][et_pb_row use_custom_gutter=&#8220;on&#8220; gutter_width=&#8220;2&#8243; custom_padding_last_edited=&#8220;on|phone&#8220; _builder_version=&#8220;4.27.4&#8243; background_enable_color=&#8220;off&#8220; use_background_color_gradient=&#8220;on&#8220; background_color_gradient_stops=&#8220;#ffffff 24%|rgba(255,255,255,0) 100%&#8220; background_enable_image=&#8220;off&#8220; background_size=&#8220;contain&#8220; background_position=&#8220;top_right&#8220; width=&#8220;85%&#8220; width_tablet=&#8220;100%&#8220; width_phone=&#8220;100%&#8220; width_last_edited=&#8220;on|desktop&#8220; max_width=&#8220;1280px&#8220; height=&#8220;100vh&#8220; custom_margin=&#8220;-140px|auto||auto|false|false&#8220; custom_margin_tablet=&#8220;-140px|auto||auto|false|false&#8220; custom_margin_phone=&#8220;-140px|auto||auto|false|false&#8220; custom_margin_last_edited=&#8220;on|phone&#8220; custom_padding=&#8220;|70px|300px|70px|false|true&#8220; custom_padding_tablet=&#8220;|40px||40px|false|true&#8220; custom_padding_phone=&#8220;|30px||30px|false|true&#8220; background_last_edited=&#8220;on|desktop&#8220; background_enable_image_tablet=&#8220;off&#8220; box_shadow_style=&#8220;preset1&#8243; box_shadow_vertical=&#8220;50px&#8220; box_shadow_blur=&#8220;80px&#8220; box_shadow_color=&#8220;rgba(56,21,11,0.09)&#8220; global_colors_info=&#8220;{}&#8220;][et_pb_column type=&#8220;4_4&#8243; _builder_version=&#8220;4.16&#8243; global_colors_info=&#8220;{}&#8220;][et_pb_image src=&#8220;https:\/\/ichzeit.ch\/wp-content\/uploads\/2025\/09\/cropped-Logo_ichZeit_RGB_Weiss.png&#8220; title_text=&#8220;cropped-Logo_ichZeit_RGB_Weiss.png&#8220; url=&#8220;@ET-DC@eyJkeW5hbWljIjp0cnVlLCJjb250ZW50IjoicG9zdF9saW5rX3VybF9wYWdlIiwic2V0dGluZ3MiOnsicG9zdF9pZCI6IjM4In19@&#8220; align=&#8220;right&#8220; align_tablet=&#8220;center&#8220; align_phone=&#8220;center&#8220; align_last_edited=&#8220;on|phone&#8220; disabled_on=&#8220;on|on|off&#8220; module_id=&#8220;fixed-top-right&#8220; module_class=&#8220;fixed-top-right&#8220; _builder_version=&#8220;4.27.4&#8243; _dynamic_attributes=&#8220;url&#8220; _module_preset=&#8220;default&#8220; width=&#8220;150px&#8220; custom_margin=&#8220;||||false|false&#8220; custom_css_free_form=&#8220;.fixed-top-right {||  position: fixed;||  top: 0;||  left: 0;||  margin: 50px;||  margin-top: 100px;||  z-index: 9999; \/* sorgt daf\u00fcr, dass es \u00fcber allem liegt *\/||}||||||&#8220; global_module=&#8220;195&#8243; saved_tabs=&#8220;all&#8220; locked=&#8220;off&#8220; global_colors_info=&#8220;{}&#8220;][\/et_pb_image][et_pb_text _builder_version=&#8220;4.27.4&#8243; text_font=&#8220;||||||||&#8220; header_font=&#8220;|700|||||||&#8220; header_text_color=&#8220;gcid-primary-color&#8220; header_font_size=&#8220;60px&#8220; header_2_font=&#8220;|700|||||||&#8220; header_2_text_align=&#8220;center&#8220; header_2_text_color=&#8220;#2b2b2b&#8220; header_2_font_size=&#8220;42px&#8220; header_2_line_height=&#8220;1.5em&#8220; background_size=&#8220;initial&#8220; background_position=&#8220;top_left&#8220; background_repeat=&#8220;repeat&#8220; text_orientation=&#8220;center&#8220; module_alignment=&#8220;center&#8220; custom_margin=&#8220;100px||20px||false|false&#8220; custom_margin_tablet=&#8220;80px||20px||false|false&#8220; custom_margin_phone=&#8220;80px||15px||false|false&#8220; custom_margin_last_edited=&#8220;on|desktop&#8220; header_font_size_tablet=&#8220;60px&#8220; header_font_size_phone=&#8220;37px&#8220; header_font_size_last_edited=&#8220;on|phone&#8220; locked=&#8220;off&#8220; global_colors_info=&#8220;{%22gcid-primary-color%22:%91%22header_text_color%22,%22header_text_color%22%93}&#8220;]<\/p>\n<h1>Ein paar Zeilen \u00fcber mich<\/h1>\n<p>[\/et_pb_text][et_pb_text _builder_version=&#8220;4.27.4&#8243; _module_preset=&#8220;default&#8220; text_font=&#8220;||||||||&#8220; text_text_color=&#8220;#333333&#8243; text_font_size=&#8220;20px&#8220; text_line_height=&#8220;1.8em&#8220; text_orientation=&#8220;center&#8220; custom_margin=&#8220;50px||||false|false&#8220; custom_margin_tablet=&#8220;||50px||false|false&#8220; custom_margin_phone=&#8220;35px|5px|80px|5px|false|false&#8220; custom_margin_last_edited=&#8220;on|tablet&#8220; custom_padding=&#8220;20px|20px|20px|20px|false|false&#8220; background_color_tablet=&#8220;#FFFFFF&#8220; background_color_phone=&#8220;#FFFFFF&#8220; background_last_edited=&#8220;on|tablet&#8220; background_enable_color_tablet=&#8220;on&#8220; background_enable_color_phone=&#8220;on&#8220; box_shadow_style=&#8220;preset3&#8243; box_shadow_color=&#8220;RGBA(255,255,255,0)&#8220; box_shadow_color_tablet=&#8220;RGBA(0,0,0,0.3)&#8220; box_shadow_color_phone=&#8220;RGBA(0,0,0,0.3)&#8220; box_shadow_color_last_edited=&#8220;on|desktop&#8220; global_colors_info=&#8220;{}&#8220;]<\/p>\n<p>Alles ist Energie, alles ist von Geist durchdrungen. F\u00fcr mich funktioniert alles Leben mehrdimensional.<br \/>Der Mensch ist K\u00f6rper und Geist &#8211;\u00a0 ist Energie in mehr oder weniger verdichteter Form.<\/p>\n<p>Fliessen diese Energien frei und harmonisch, f\u00fchle ich mich gesund und vital.<\/p>\n<p>Treten St\u00f6rungen \/ Stauungen auf, schau ich hin und finde heraus was meinen Energiefluss st\u00f6rt. Ist die Blockade k\u00f6rperlich oder geistig? Wenn ich weiss wo ich ansetzen kann tu ich etwas f\u00fcr mein Wohlbefinden. Ich kann meine Ern\u00e4hrung der Situation anpassen, ich kann mich mehr oder gezielter Bewegen oder ich g\u00f6nne mir eine ichzeit. Ich w\u00e4hle aus der grossen Palette an Gesundheitsangeboten das aus, was mir in dem Moment am dienlichsten ist. Fussmassage ist eine Methode die ich selber regelm\u00e4ssig in Anspruch nehme.<\/p>\n<p>[\/et_pb_text][\/et_pb_column][\/et_pb_row][et_pb_row column_structure=&#8220;1_2,1_2&#8243; _builder_version=&#8220;4.27.4&#8243; custom_margin=&#8220;-281px|auto|-260px|auto||&#8220; global_colors_info=&#8220;{}&#8220;][et_pb_column type=&#8220;1_2&#8243; _builder_version=&#8220;4.27.4&#8243; custom_padding=&#8220;0px||||false|false&#8220; box_shadow_style=&#8220;preset3&#8243; global_colors_info=&#8220;{}&#8220;][et_pb_image src=&#8220;https:\/\/ichzeit.ch\/wp-content\/uploads\/2025\/10\/Priscilla_Kaspar_kreis.png&#8220; title_text=&#8220;Priscilla Kaspar&#8220; align=&#8220;center&#8220; _builder_version=&#8220;4.27.4&#8243; background_color=&#8220;#FFFFFF&#8220; module_alignment=&#8220;center&#8220; max_height=&#8220;280px&#8220; custom_margin=&#8220;0px||0px||false|false&#8220; custom_padding=&#8220;25px|90px|25px|90px|true|true&#8220; custom_padding_tablet=&#8220;25px|90px|25px|90px|true|true&#8220; custom_padding_phone=&#8220;|50px||50px|true|true&#8220; custom_padding_last_edited=&#8220;on|desktop&#8220; locked=&#8220;off&#8220; global_colors_info=&#8220;{}&#8220;][\/et_pb_image][et_pb_text _builder_version=&#8220;4.27.4&#8243; _module_preset=&#8220;default&#8220; text_font_size=&#8220;16px&#8220; text_line_height=&#8220;1.8em&#8220; header_2_font=&#8220;|700||on|||||&#8220; header_2_text_color=&#8220;gcid-primary-color&#8220; header_4_font=&#8220;|600|||||||&#8220; background_color=&#8220;#FFFFFF&#8220; custom_padding=&#8220;20px|20px|40px|20px|false|false&#8220; locked=&#8220;off&#8220; global_colors_info=&#8220;{%22gcid-primary-color%22:%91%22header_2_text_color%22%93}&#8220;]<\/p>\n<p><span>Seit Teenagerzeiten hat mich der Mensch in seinem Denken, Reden und Handeln interessiert. Daraus entwickelte sich mein Interesse f\u00fcr Spiritualit\u00e4t, Psychologie und Medizin. <em>Und auch in der Kunst die ich mache, bin ich bei drei Worten h\u00e4ngen geblieben. Materialaufbau, Farbe, Finish oder anders ausgedr\u00fcckt, K\u00f6rper, Seele, Geist. Aber das ist eine andere Geschichte.<\/em><br \/><\/span><span><\/span><\/p>\n<p><span>Ich kenne und sch\u00e4tze die klassische-, wie auch die komplement\u00e4re Medizin und bin mit beiden aufgewachsen. Jede zur richtigen Zeit. In der Anwendung manchmal miteinander, manchmal nacheinander. <\/span><span>Mal ben\u00f6tigt der K\u00f6rper die klassische Medizin mit ihrer wertvollen Chirurgie, manchmal reicht eine feinstofflich wirkende und ganzheitliche Behandlungsmethode.<br \/>Wir haben eine sehr grosse Palette an M\u00f6glichkeiten, aus der wir selber w\u00e4hlen k\u00f6nnen was uns bei unserer Genesung oder unserem Gesundbleiben helfen soll.<br \/>Ich bin von der energetischen Fussmassage und Therapeutic Touch im wahrsten Sinne des Wortes begeistert. Einfachste heilsame Ber\u00fchrungen mit meinen H\u00e4nden auszuf\u00fchren und so jemandem Entspannung und Wohlbefinden zu bringen, ber\u00fchrt mich jedesmal aufs Neue.\u00a0<br \/>Unsere F\u00fcsse<\/span><span> werden in ihrer Funktion oft untersch\u00e4tzt. Nebst dem, dass sie uns von Klein an durchs Leben tragen, reagieren sie bei einer Massage GROSSARTIG. Durch gezieltes Dr\u00fccken und Streichen kann ich den ganzen Menschen erreichen und in ihm ein Wohlsein ausl\u00f6sen. Dasselbe gilt f\u00fcr eine Be-Handlung mit TT-Ber\u00fchrungen. Ich gebe einem K\u00f6rper und Geist achtsam ausgef\u00fchrte Inputs, damit er sich regenerieren kann. Das ist EINFACH genial. Unsere H\u00e4nde sind einfach genial.<br \/>S<\/span><span>chlussendlich heilt sich K\u00f6rper und Geist dann selber. Dies, so gut wie es m\u00f6glich ist. Egal ob die klassische Medizin oder eine ganzheitliche Methode angewandt wurde.<\/span><\/p>\n<p>Mein<span> Sein, meine Ausbildungen, meine Praxiserfahrung, meine Lebenserfahrungen (u.a. als Mutter wobei wir als Managerin, \u00c4rztin und Heilerin, Motivatorin, Begleiterin u.v.m t\u00e4tig sind), und meine Verbindung zur Geistigen Welt (Mehrdimensionalit\u00e4t), bilden meine Basis zu meinem Handwerk.\u00a0<\/span><\/p>\n<p><span><\/span><\/p>\n<p>[\/et_pb_text][\/et_pb_column][et_pb_column type=&#8220;1_2&#8243; _builder_version=&#8220;4.16&#8243; custom_padding=&#8220;0px||||false|false&#8220; box_shadow_style=&#8220;preset3&#8243; global_colors_info=&#8220;{}&#8220;][et_pb_image src=&#8220;https:\/\/ichzeit.ch\/wp-content\/uploads\/2025\/10\/ueber_mich_blumen.png&#8220; title_text=&#8220;Kornblumenfeld&#8220; _builder_version=&#8220;4.27.4&#8243; background_color=&#8220;#FFFFFF&#8220; custom_margin=&#8220;0px||0px||false|false&#8220; custom_padding=&#8220;48px|105px|48px|105px|true|true&#8220; custom_padding_tablet=&#8220;48px|105px|48px|105px|true|true&#8220; custom_padding_phone=&#8220;25px|40px|25px|40px|true|true&#8220; custom_padding_last_edited=&#8220;on|phone&#8220; global_colors_info=&#8220;{}&#8220;][\/et_pb_image][et_pb_text _builder_version=&#8220;4.27.4&#8243; _module_preset=&#8220;default&#8220; text_font_size=&#8220;16px&#8220; text_line_height=&#8220;1.8em&#8220; header_2_font=&#8220;|700||on|||||&#8220; header_2_text_color=&#8220;gcid-primary-color&#8220; header_4_font=&#8220;|600|||||||&#8220; background_color=&#8220;#FFFFFF&#8220; custom_padding=&#8220;20px|20px|20px|20px|false|false&#8220; locked=&#8220;off&#8220; global_colors_info=&#8220;{%22gcid-primary-color%22:%91%22header_2_text_color%22%93}&#8220;]<\/p>\n<h2><\/h2>\n<hr color=\"#ffd429\" size=\"5\" width=\"60\" align=\"left\" noshade=\"noshade\" \/>\n<dl>\n<dd>Kurse in Meditation, Sensitivit\u00e4t und Medialit\u00e4t, SVPP Bern, (2005-2007)<\/dd>\n<\/dl>\n<hr color=\"#ffd429\" size=\"5\" width=\"60\" align=\"left\" noshade=\"noshade\" \/>\n<dl>\n<dd>Bachbl\u00fcten Basis Seminare, Mechthild Scheffer Institut, (2006)<\/dd>\n<\/dl>\n<hr color=\"#ffd429\" size=\"5\" width=\"60\" align=\"left\" noshade=\"noshade\" \/>\n<dl>\n<dd>\n<p>Psychologisch Spirituelle Medialit\u00e4t, Senisitivt\u00e4, Meditation, <br \/>CH-Beratungen, Worb, (2007-2010)<\/p>\n<\/dd>\n<\/dl>\n<hr color=\"#ffd429\" size=\"5\" width=\"60\" align=\"left\" noshade=\"noshade\" \/>\n<dl>\n<dd>Therapeutic Touch, Hannes Jacob, Neuenburg, (2008, 2025)<\/dd>\n<\/dl>\n<hr color=\"#ffd429\" size=\"5\" width=\"60\" align=\"left\" noshade=\"noshade\" \/>\n<dl>\n<dd>Energieausgleichende Fuss- und Handmassage, Elfriede M\u00fcller, (2010)<\/dd>\n<\/dl>\n<hr color=\"#ffd429\" size=\"5\" width=\"60\" align=\"left\" noshade=\"noshade\" \/>\n<dl>\n<dd>Geistiges Heilen, Energie-Therapeutin, Elfriede M\u00fcller<br \/>Geistiges Heilen, Hannes Guggenb\u00fchl, (2011)<\/dd>\n<\/dl>\n<hr color=\"#ffd429\" size=\"5\" width=\"60\" align=\"left\" noshade=\"noshade\" \/>\n<dl>\n<dd>Medizinische Grundlagen 1, Sake Bildungszentrum Bern, (2014)<\/dd>\n<\/dl>\n<hr color=\"#ffd429\" size=\"5\" width=\"60\" align=\"left\" noshade=\"noshade\" \/>\n<dl>\n<dd>Praxis ichZeit, Energetische Fussmassage, TT, Meditationskurse, Mediale Beratungen, Kurse in Sensitivit\u00e4t, (2008 &#8211; 2015)<\/dd>\n<dd><strong>Wiederer\u00f6ffnung Praxis ichzeit, <\/strong><\/dd>\n<dd><strong>Herbst 2025 in Bern, in M\u00fcnsingen Januar 2026<\/strong><\/dd>\n<dd><\/dd>\n<\/dl>\n<hr color=\"#ffd429\" size=\"5\" width=\"60\" align=\"left\" noshade=\"noshade\" \/>\n<dl>\n<dd>\n<p>EFT Basisseminar &amp; Level 1, Peter Braesigke (2022)<\/p>\n<\/dd>\n<\/dl>\n<p>[\/et_pb_text][\/et_pb_column][\/et_pb_row][\/et_pb_section][et_pb_section fb_built=&#8220;1&#8243; admin_label=&#8220;Header&#8220; _builder_version=&#8220;4.27.4&#8243; background_enable_image=&#8220;off&#8220; background_size=&#8220;contain&#8220; overflow-x=&#8220;hidden&#8220; overflow-y=&#8220;hidden&#8220; custom_padding=&#8220;||0px|||&#8220; locked=&#8220;off&#8220; global_colors_info=&#8220;{}&#8220;][et_pb_row admin_label=&#8220;Zeile&#8220; _builder_version=&#8220;4.27.4&#8243; _module_preset=&#8220;default&#8220; global_colors_info=&#8220;{}&#8220;][et_pb_column type=&#8220;4_4&#8243; admin_label=&#8220;Spalte&#8220; _builder_version=&#8220;4.27.4&#8243; _module_preset=&#8220;default&#8220; global_colors_info=&#8220;{}&#8220;][\/et_pb_column][\/et_pb_row][\/et_pb_section][et_pb_section fb_built=&#8220;1&#8243; _builder_version=&#8220;4.27.4&#8243; _module_preset=&#8220;default&#8220; global_colors_info=&#8220;{}&#8220;][et_pb_row _builder_version=&#8220;4.27.4&#8243; _module_preset=&#8220;default&#8220; global_colors_info=&#8220;{}&#8220;][et_pb_column type=&#8220;4_4&#8243; _builder_version=&#8220;4.27.4&#8243; _module_preset=&#8220;default&#8220; global_colors_info=&#8220;{}&#8220;][\/et_pb_column][\/et_pb_row][\/et_pb_section][et_pb_section fb_built=&#8220;1&#8243; _builder_version=&#8220;4.27.4&#8243; _module_preset=&#8220;default&#8220; background_color=&#8220;#73b841&#8243; global_module=&#8220;80&#8243; saved_tabs=&#8220;all&#8220; global_colors_info=&#8220;{}&#8220;][et_pb_row column_structure=&#8220;1_3,1_3,1_3&#8243; _builder_version=&#8220;4.27.4&#8243; _module_preset=&#8220;default&#8220; global_colors_info=&#8220;{}&#8220;][et_pb_column type=&#8220;1_3&#8243; _builder_version=&#8220;4.27.4&#8243; _module_preset=&#8220;default&#8220; global_colors_info=&#8220;{}&#8220;][et_pb_image src=&#8220;https:\/\/ichzeit.ch\/wp-content\/uploads\/2025\/10\/Logo_ichZeit_gelb_weiss.png&#8220; title_text=&#8220;Logo_ichZeit_gelb_weiss&#8220; align=&#8220;center&#8220; align_tablet=&#8220;center&#8220; align_phone=&#8220;center&#8220; align_last_edited=&#8220;on|phone&#8220; _builder_version=&#8220;4.27.4&#8243; _module_preset=&#8220;default&#8220; width=&#8220;200px&#8220; custom_margin=&#8220;0px||||false|false&#8220; global_colors_info=&#8220;{}&#8220;][\/et_pb_image][\/et_pb_column][et_pb_column type=&#8220;1_3&#8243; _builder_version=&#8220;4.27.4&#8243; _module_preset=&#8220;default&#8220; global_colors_info=&#8220;{}&#8220;][et_pb_text _builder_version=&#8220;4.27.4&#8243; text_font=&#8220;||||||||&#8220; text_text_color=&#8220;rgba(0,0,0,0.5)&#8220; text_font_size=&#8220;18px&#8220; text_line_height=&#8220;1.8em&#8220; header_font=&#8220;||||||||&#8220; header_4_font=&#8220;|700||on|||||&#8220; header_4_text_color=&#8220;#ffd429&#8243; header_4_font_size=&#8220;16px&#8220; header_4_letter_spacing=&#8220;1px&#8220; header_4_line_height=&#8220;1.5em&#8220; background_layout=&#8220;dark&#8220; text_orientation_tablet=&#8220;center&#8220; text_orientation_phone=&#8220;center&#8220; text_orientation_last_edited=&#8220;on|desktop&#8220; locked=&#8220;off&#8220; global_colors_info=&#8220;{}&#8220;]<\/p>\n<h4><strong>Terminvereinbarung<\/strong><\/h4>\n<p>Ich freue mich, sie auf ihrem Weg zu ihrem Wohlbefinden oder ihrer Genesung mit meinen heilsamen Br\u00fchrungen, meinem Handwerk zu begleiten.<\/p>\n<p>Priscilla Kaspar<\/p>\n<p>079 422 64 88<br \/>Telefonisch erreichen sie mich jeweils montags zwischen\u00a0<br \/>19h00 \u2013 20h00<\/p>\n<p><span style=\"color: #ffff00;\"><a href=\"mailto:contact@ichzeit.ch\" style=\"color: #ffd429;\">contact@ichzeit.ch<\/a><\/span><\/p>\n<p>[\/et_pb_text][et_pb_code _builder_version=&#8220;4.27.4&#8243; _module_preset=&#8220;default&#8220; module_alignment=&#8220;center&#8220; text_orientation_tablet=&#8220;&#8220; text_orientation_phone=&#8220;center&#8220; text_orientation_last_edited=&#8220;on|phone&#8220; custom_css_free_form=&#8220;.icon-links {||  display: flex;||  gap: 10px; \/* Abstand zwischen den Icons *\/||  justify-content: flex-start; \/* linksb\u00fcndig *\/||  align-items: center;||}||||.icon-links img {||  width: 40px;   \/* Icon-Gr\u00f6sse, bei Bedarf anpassen *\/||  height: auto;||  cursor: pointer;||}||||\/* Mobile: Icons zentrieren *\/||@media (max-width: 768px) {||  .icon-links {||    justify-content: center;||  }||}||&#8220; global_colors_info=&#8220;{}&#8220;]<\/p>\n<div class=\"icon-links\"><!-- [et_pb_line_break_holder] -->  <a href=\"https:\/\/wa.me\/41794226488\" target=\"_blank\" aria-label=\"WhatsApp\" rel=\"noopener\"><!-- [et_pb_line_break_holder] -->    <img decoding=\"async\" src=\"https:\/\/ichzeit.ch\/wp-content\/uploads\/2025\/10\/Whatsapp_gelb.png\" alt=\"WhatsApp\"><!-- [et_pb_line_break_holder] -->  <\/a><!-- [et_pb_line_break_holder] -->  <a href=\"https:\/\/signal.me\/#p\/+41794226488\" target=\"_blank\" aria-label=\"Signal\" rel=\"noopener\"><!-- [et_pb_line_break_holder] -->    <img decoding=\"async\" src=\"https:\/\/ichzeit.ch\/wp-content\/uploads\/2025\/10\/Signal_gelb.png\" alt=\"Signal\"><!-- [et_pb_line_break_holder] -->  <\/a><!-- [et_pb_line_break_holder] --><\/div>\n<p><!-- [et_pb_line_break_holder] -->[\/et_pb_code][\/et_pb_column][et_pb_column type=&#8220;1_3&#8243; _builder_version=&#8220;4.27.4&#8243; _module_preset=&#8220;default&#8220; global_colors_info=&#8220;{}&#8220;][et_pb_text _builder_version=&#8220;4.27.4&#8243; text_font=&#8220;||||||||&#8220; text_text_color=&#8220;rgba(0,0,0,0.5)&#8220; text_font_size=&#8220;18px&#8220; text_line_height=&#8220;1.8em&#8220; header_font=&#8220;||||||||&#8220; header_4_font=&#8220;|700||on|||||&#8220; header_4_text_color=&#8220;#ffd429&#8243; header_4_font_size=&#8220;16px&#8220; header_4_letter_spacing=&#8220;1px&#8220; header_4_line_height=&#8220;1.5em&#8220; background_layout=&#8220;dark&#8220; custom_margin_tablet=&#8220;40px||||false|false&#8220; custom_margin_phone=&#8220;40px||||false|false&#8220; custom_margin_last_edited=&#8220;on|desktop&#8220; text_orientation_tablet=&#8220;center&#8220; text_orientation_phone=&#8220;center&#8220; text_orientation_last_edited=&#8220;on|phone&#8220; locked=&#8220;off&#8220; global_colors_info=&#8220;{}&#8220;]<\/p>\n<h4>Standort<\/h4>\n<p><strong><span>Praxis ichzeit<br \/><\/span><\/strong><span>Gerbegraben 4<br \/>3110 M\u00fcnsingen<\/span><\/p>\n<p>&nbsp;<\/p>\n<p>[\/et_pb_text][\/et_pb_column][\/et_pb_row][\/et_pb_section]<\/p>\n","protected":false},"excerpt":{"rendered":"<p>Ein paar Zeilen \u00fcber michAlles ist Energie, alles ist von Geist durchdrungen. F\u00fcr mich funktioniert alles Leben mehrdimensional.Der Mensch ist K\u00f6rper und Geist &#8211;\u00a0 ist Energie in mehr oder weniger verdichteter Form. Fliessen diese Energien frei und harmonisch, f\u00fchle ich mich gesund und vital. Treten St\u00f6rungen \/ Stauungen auf, schau ich hin und finde heraus [&hellip;]<\/p>\n","protected":false},"author":2,"featured_media":0,"parent":0,"menu_order":0,"comment_status":"closed","ping_status":"closed","template":"","meta":{"_et_pb_use_builder":"on","_et_pb_old_content":"","_et_gb_content_width":"","footnotes":""},"class_list":["post-112","page","type-page","status-publish","hentry"],"_links":{"self":[{"href":"https:\/\/ichzeit.ch\/index.php?rest_route=\/wp\/v2\/pages\/112","targetHints":{"allow":["GET"]}}],"collection":[{"href":"https:\/\/ichzeit.ch\/index.php?rest_route=\/wp\/v2\/pages"}],"about":[{"href":"https:\/\/ichzeit.ch\/index.php?rest_route=\/wp\/v2\/types\/page"}],"author":[{"embeddable":true,"href":"https:\/\/ichzeit.ch\/index.php?rest_route=\/wp\/v2\/users\/2"}],"replies":[{"embeddable":true,"href":"https:\/\/ichzeit.ch\/index.php?rest_route=%2Fwp%2Fv2%2Fcomments&post=112"}],"version-history":[{"count":86,"href":"https:\/\/ichzeit.ch\/index.php?rest_route=\/wp\/v2\/pages\/112\/revisions"}],"predecessor-version":[{"id":847,"href":"https:\/\/ichzeit.ch\/index.php?rest_route=\/wp\/v2\/pages\/112\/revisions\/847"}],"wp:attachment":[{"href":"https:\/\/ichzeit.ch\/index.php?rest_route=%2Fwp%2Fv2%2Fmedia&parent=112"}],"curies":[{"name":"wp","href":"https:\/\/api.w.org\/{rel}","templated":true}]}}