{"id":115,"date":"2025-09-12T12:58:23","date_gmt":"2025-09-12T12:58:23","guid":{"rendered":"https:\/\/ichzeit.ch\/?page_id=115"},"modified":"2026-02-20T19:55:40","modified_gmt":"2026-02-20T18:55:40","slug":"angebot","status":"publish","type":"page","link":"https:\/\/ichzeit.ch\/?page_id=115","title":{"rendered":"Angebot"},"content":{"rendered":"<p>[et_pb_section fb_built=&#8220;1&#8243; custom_padding_last_edited=&#8220;on|phone&#8220; admin_label=&#8220;Packages&#8220; _builder_version=&#8220;4.27.4&#8243; use_background_color_gradient=&#8220;on&#8220; background_color_gradient_direction=&#8220;90deg&#8220; background_color_gradient_stops=&#8220;#ffdfd6 0%|#ffd4a3 100%&#8220; background_color_gradient_start=&#8220;#ffdfd6&#8243; background_color_gradient_end=&#8220;#ffd4a3&#8243; background_image=&#8220;https:\/\/ichzeit.ch\/wp-content\/uploads\/2025\/10\/Baum-dunkel-hell-scaled.jpg&#8220; background_position=&#8220;bottom_center&#8220; height=&#8220;100vh&#8220; custom_margin=&#8220;0px||240px||false|false&#8220; custom_margin_tablet=&#8220;||||false|false&#8220; custom_margin_phone=&#8220;|0px||0px|false|false&#8220; custom_margin_last_edited=&#8220;on|tablet&#8220; custom_padding=&#8220;0px||||false|false&#8220; custom_padding_tablet=&#8220;0px||||false|false&#8220; custom_padding_phone=&#8220;|0px||0px|false|false&#8220; locked=&#8220;off&#8220; global_colors_info=&#8220;{}&#8220;][et_pb_row use_custom_gutter=&#8220;on&#8220; gutter_width=&#8220;2&#8243; custom_padding_last_edited=&#8220;on|desktop&#8220; admin_label=&#8220;Zeile&#8220; _builder_version=&#8220;4.27.4&#8243; background_enable_color=&#8220;off&#8220; use_background_color_gradient=&#8220;on&#8220; background_color_gradient_stops=&#8220;#ffffff 24%|rgba(255,255,255,0) 100%&#8220; background_enable_image=&#8220;off&#8220; background_size=&#8220;contain&#8220; background_position=&#8220;top_right&#8220; width=&#8220;85%&#8220; width_tablet=&#8220;100%&#8220; width_phone=&#8220;100%&#8220; width_last_edited=&#8220;on|desktop&#8220; max_width=&#8220;1280px&#8220; custom_margin=&#8220;-140px|auto||auto|false|false&#8220; custom_margin_tablet=&#8220;-140px|auto||auto|false|false&#8220; custom_margin_phone=&#8220;-140px|auto||auto|false|false&#8220; custom_margin_last_edited=&#8220;on|phone&#8220; custom_padding=&#8220;|70px|300px|70px|false|true&#8220; custom_padding_tablet=&#8220;|40px||40px|false|true&#8220; custom_padding_phone=&#8220;|0px||0px|false|true&#8220; background_last_edited=&#8220;on|desktop&#8220; background_enable_image_tablet=&#8220;off&#8220; box_shadow_style=&#8220;preset1&#8243; box_shadow_vertical=&#8220;50px&#8220; box_shadow_blur=&#8220;80px&#8220; box_shadow_color=&#8220;rgba(56,21,11,0.09)&#8220; global_colors_info=&#8220;{}&#8220;][et_pb_column type=&#8220;4_4&#8243; _builder_version=&#8220;4.27.4&#8243; custom_padding_tablet=&#8220;&#8220; custom_padding_phone=&#8220;|0px||0px|false|false&#8220; custom_padding_last_edited=&#8220;on|phone&#8220; global_colors_info=&#8220;{}&#8220;][et_pb_image src=&#8220;https:\/\/ichzeit.ch\/wp-content\/uploads\/2025\/09\/cropped-Logo_ichZeit_RGB_Weiss.png&#8220; title_text=&#8220;cropped-Logo_ichZeit_RGB_Weiss.png&#8220; url=&#8220;@ET-DC@eyJkeW5hbWljIjp0cnVlLCJjb250ZW50IjoicG9zdF9saW5rX3VybF9wYWdlIiwic2V0dGluZ3MiOnsicG9zdF9pZCI6IjM4In19@&#8220; align=&#8220;right&#8220; align_tablet=&#8220;center&#8220; align_phone=&#8220;center&#8220; align_last_edited=&#8220;on|phone&#8220; disabled_on=&#8220;on|on|off&#8220; module_id=&#8220;fixed-top-right&#8220; module_class=&#8220;fixed-top-right&#8220; _builder_version=&#8220;4.27.4&#8243; _dynamic_attributes=&#8220;url&#8220; _module_preset=&#8220;default&#8220; width=&#8220;150px&#8220; custom_margin=&#8220;||||false|false&#8220; custom_css_free_form=&#8220;.fixed-top-right {||  position: fixed;||  top: 0;||  left: 0;||  margin: 50px;||  margin-top: 100px;||  z-index: 9999; \/* sorgt daf\u00fcr, dass es \u00fcber allem liegt *\/||}||||||&#8220; global_module=&#8220;195&#8243; saved_tabs=&#8220;all&#8220; locked=&#8220;off&#8220; global_colors_info=&#8220;{}&#8220;][\/et_pb_image][et_pb_text _builder_version=&#8220;4.27.4&#8243; text_font=&#8220;||||||||&#8220; header_font=&#8220;|700|||||||&#8220; header_text_color=&#8220;gcid-primary-color&#8220; header_font_size=&#8220;60px&#8220; header_2_font=&#8220;|700|||||||&#8220; header_2_text_align=&#8220;center&#8220; header_2_text_color=&#8220;#2b2b2b&#8220; header_2_font_size=&#8220;42px&#8220; header_2_line_height=&#8220;1.5em&#8220; background_size=&#8220;initial&#8220; background_position=&#8220;top_left&#8220; background_repeat=&#8220;repeat&#8220; text_orientation=&#8220;center&#8220; module_alignment=&#8220;center&#8220; custom_margin=&#8220;100px||20px||false|false&#8220; custom_margin_tablet=&#8220;80px||20px||false|false&#8220; custom_margin_phone=&#8220;80px||15px||false|false&#8220; custom_margin_last_edited=&#8220;on|desktop&#8220; header_font_size_tablet=&#8220;60px&#8220; header_font_size_phone=&#8220;37px&#8220; header_font_size_last_edited=&#8220;on|phone&#8220; locked=&#8220;off&#8220; global_colors_info=&#8220;{%22gcid-primary-color%22:%91%22header_text_color%22%93}&#8220;]<\/p>\n<h1>Angebot<\/h1>\n<p>[\/et_pb_text][\/et_pb_column][\/et_pb_row][et_pb_row column_structure=&#8220;1_3,1_3,1_3&#8243; _builder_version=&#8220;4.27.4&#8243; custom_margin=&#8220;-281px|auto|-260px|auto||&#8220; global_colors_info=&#8220;{}&#8220;][et_pb_column type=&#8220;1_3&#8243; _builder_version=&#8220;4.27.4&#8243; custom_padding=&#8220;0px||||false|false&#8220; box_shadow_style=&#8220;preset3&#8243; global_colors_info=&#8220;{}&#8220;][et_pb_image src=&#8220;https:\/\/ichzeit.ch\/wp-content\/uploads\/2025\/10\/Fussmassage.png&#8220; title_text=&#8220;Fussmassage&#8220; _builder_version=&#8220;4.27.4&#8243; background_color=&#8220;#FFFFFF&#8220; custom_margin=&#8220;0px||0px||false|false&#8220; custom_padding=&#8220;20px|60px|20px|60px|true|true&#8220; global_colors_info=&#8220;{}&#8220;][\/et_pb_image][et_pb_text _builder_version=&#8220;4.27.4&#8243; _module_preset=&#8220;default&#8220; text_font_size=&#8220;16px&#8220; header_2_font=&#8220;|700||on|||||&#8220; header_2_text_color=&#8220;gcid-primary-color&#8220; background_color=&#8220;#FFFFFF&#8220; custom_padding=&#8220;20px|20px|20px|20px|false|false&#8220; global_colors_info=&#8220;{%22gcid-primary-color%22:%91%22header_2_text_color%22%93}&#8220;]<\/p>\n<h2>Fussmassage<\/h2>\n<p>Eine Fussmassage kann als\u00a0 Verw\u00f6hnprogramm, als pr\u00e4ven-<br \/>tive Gesundheitsmassnahme oder als therapeutische Be-Handlung zu Genesungszwecken angewandt werden.<\/p>\n<p>Mit der Be-Handlung bestimmter Druckpunkte und Massagetechni-<br \/>ken, werden die Durchblutung und der Lymphfluss angeregt.<br \/>So wird die N\u00e4hrstoffversorgung im K\u00f6rper aktiviert.<\/p>\n<p>Die Be-Handlung am Fuss wirkt beruhigend und entspannend<br \/>auf K\u00f6rper und Geist. Dadurch werden ihre Eigenheilkr\u00e4fte aktiviert und Stauungen und Blockaden in K\u00f6rper und Geist\u00a0 k\u00f6nnen sich l\u00f6sen<span>.\u00a0<\/span><\/p>\n<p>Eine Fussmassage hilft u.a. bei:<\/p>\n<ul>\n<li><span>Verspannungen\u00a0<\/span><\/li>\n<li><span>Verdauungsbeschwerden<\/span><\/li>\n<li><span>Kopfschmerzen<\/span><\/li>\n<li><span>Stauungen aller Art (z.B. bei Gipstr\u00e4gern am Arm)<\/span><\/li>\n<li>Genesungsprozessen<\/li>\n<\/ul>\n<p><span>Auch bei psychischen Belastungen kann die Fussmassage als erg\u00e4nzende Therapie u.a. bei<\/span><\/p>\n<p><span><\/span><\/p>\n<ul>\n<li><span>Schlafst\u00f6rungen<\/span><\/li>\n<li><span>Ersch\u00f6pfungszust\u00e4nden<\/span><\/li>\n<li>Stress verschiedenster Art<br \/>angewendet werden.<\/li>\n<\/ul>\n<p>[\/et_pb_text][\/et_pb_column][et_pb_column type=&#8220;1_3&#8243; _builder_version=&#8220;4.16&#8243; custom_padding=&#8220;0px||||false|false&#8220; box_shadow_style=&#8220;preset3&#8243; global_colors_info=&#8220;{}&#8220;][et_pb_image src=&#8220;https:\/\/ichzeit.ch\/wp-content\/uploads\/2025\/10\/TT.png&#8220; title_text=&#8220;TT&#8220; _builder_version=&#8220;4.27.4&#8243; background_color=&#8220;#FFFFFF&#8220; custom_margin=&#8220;0px||0px||false|false&#8220; custom_padding=&#8220;20px|60px|20px|60px|true|true&#8220; locked=&#8220;off&#8220; global_colors_info=&#8220;{}&#8220;][\/et_pb_image][et_pb_text _builder_version=&#8220;4.27.4&#8243; _module_preset=&#8220;default&#8220; text_font_size=&#8220;16px&#8220; header_2_font=&#8220;|700||on|||||&#8220; header_2_text_color=&#8220;gcid-primary-color&#8220; header_4_font=&#8220;|600|||||||&#8220; header_4_text_color=&#8220;gcid-primary-color&#8220; background_color=&#8220;#FFFFFF&#8220; custom_padding=&#8220;20px|20px|20px|20px|false|false&#8220; global_colors_info=&#8220;{%22gcid-primary-color%22:%91%22header_2_text_color%22,%22header_4_text_color%22%93}&#8220;]<\/p>\n<h2>Therapeutic Touch Heilsame Ber\u00fchrung<\/h2>\n<h4>(folgend TT genannt)<\/h4>\n<p>TT erinnert an die uralte Praxis<br \/>des Handauflegens und wird ohne religi\u00f6se Konnotation ausgef\u00fchrt.<\/p>\n<p>TT ist eine ganzheitliche<br \/>Be-Handlungsmethode die mit dem ganzen Menschen arbeitet. K\u00f6rperlich wie auch Seelisch und Geistig.<br \/>Die Kunst des energetischen, heilsamen Ber\u00fchrens wird am bekleideten K\u00f6rper ausgef\u00fchrt.<\/p>\n<p>Diese Technik des Handauflegens, die pr\u00e4ventiv wie auch unterst\u00fctzend bei\u00a0 Heilungsprozessen eingesetzt werden kann, erm\u00f6glicht ihrem K\u00f6rper und ihrem Geist die innewohnenden Kr\u00e4fte zu mobilisieren. So arbeitet TT vor allem mit ihren Selbstheilungskr\u00e4ften und hilft dem Organismus\u00a0 energetische St\u00f6rungen und Belastungen auszugleichen. Sie f\u00fchlen sich vitaler, wenn die Energie ungest\u00f6rt fliessen kann.\u00a0<\/p>\n<p>TT kann u.a. helfen bei<\/p>\n<ul>\n<li><span>Stressabbau, k\u00f6rperlich wie geistig<\/span><\/li>\n<li><span>Schmerzen verschiedenster Art<\/span><\/li>\n<li><span>Schlafst\u00f6rungen<\/span><\/li>\n<li><span>Unterst\u00fctzung bei Genesung<\/span><\/li>\n<li><span>generell gesundheitsf\u00f6rdernd<\/span><\/li>\n<li><span>Steigerung ihrer Vitalit\u00e4t<\/span><\/li>\n<\/ul>\n<p>[\/et_pb_text][\/et_pb_column][et_pb_column type=&#8220;1_3&#8243; _builder_version=&#8220;4.27.4&#8243; custom_padding=&#8220;0px||||false|false&#8220; box_shadow_style=&#8220;preset3&#8243; global_colors_info=&#8220;{}&#8220;][et_pb_image src=&#8220;https:\/\/ichzeit.ch\/wp-content\/uploads\/2025\/10\/Fussmassage_TT.png&#8220; title_text=&#8220;Fussmassage_TT&#8220; _builder_version=&#8220;4.27.4&#8243; background_color=&#8220;#FFFFFF&#8220; custom_margin=&#8220;0px||0px||false|false&#8220; custom_padding=&#8220;20px|60px|20px|60px|true|true&#8220; locked=&#8220;off&#8220; global_colors_info=&#8220;{}&#8220;][\/et_pb_image][et_pb_text _builder_version=&#8220;4.27.4&#8243; _module_preset=&#8220;default&#8220; text_font_size=&#8220;16px&#8220; header_2_font=&#8220;|700||on|||||&#8220; header_2_text_color=&#8220;gcid-primary-color&#8220; header_4_font=&#8220;|600|||||||&#8220; background_color=&#8220;#FFFFFF&#8220; custom_padding=&#8220;20px|20px|40px|20px|false|false&#8220; global_colors_info=&#8220;{%22gcid-primary-color%22:%91%22header_2_text_color%22,%22header_2_text_color%22%93}&#8220;]<\/p>\n<h2>Fussmassage &amp; TT<\/h2>\n<h4><\/h4>\n<p>Da unsere F\u00fcsse f\u00fcr energetische Impulse sehr empf\u00e4nglich sind, beginne ich mit der Fussmassage und aktiviere so die Eigenregulation ihres Organismus. Ihr Energiefluss wird angeregt.<\/p>\n<p>Die folgende TT Be-Handlung erm\u00f6glicht mir, direkter auf St\u00f6rungsherde \/ Stauungen einzugehen.<\/p>\n<hr color=\"#ffd429\" size=\"5\" width=\"60\" align=\"left\" noshade=\"noshade\" \/>\n<p>Fussmassage wie auch TT geh\u00f6ren zur naturheilkundlichen, ganzheitlichen Medizin.<\/p>\n<hr color=\"#ffd429\" size=\"5\" width=\"60\" align=\"left\" noshade=\"noshade\" \/>\n<p>TT wird in L\u00e4ndern wie Deutschland, \u00d6sterreich, Kanada und USA seit l\u00e4ngerer Zeit in Spit\u00e4lern als erg\u00e4nzende Therapiemassnahme angeboten.<\/p>\n<p>[\/et_pb_text][\/et_pb_column][\/et_pb_row][\/et_pb_section][et_pb_section fb_built=&#8220;1&#8243; _builder_version=&#8220;4.27.4&#8243; _module_preset=&#8220;default&#8220; global_colors_info=&#8220;{}&#8220;][et_pb_row _builder_version=&#8220;4.27.4&#8243; _module_preset=&#8220;default&#8220; global_colors_info=&#8220;{}&#8220;][et_pb_column type=&#8220;4_4&#8243; _builder_version=&#8220;4.27.4&#8243; _module_preset=&#8220;default&#8220; global_colors_info=&#8220;{}&#8220;][\/et_pb_column][\/et_pb_row][\/et_pb_section][et_pb_section fb_built=&#8220;1&#8243; _builder_version=&#8220;4.27.4&#8243; _module_preset=&#8220;default&#8220; background_color=&#8220;#73b841&#8243; global_module=&#8220;80&#8243; saved_tabs=&#8220;all&#8220; global_colors_info=&#8220;{}&#8220;][et_pb_row column_structure=&#8220;1_3,1_3,1_3&#8243; _builder_version=&#8220;4.27.4&#8243; _module_preset=&#8220;default&#8220; global_colors_info=&#8220;{}&#8220;][et_pb_column type=&#8220;1_3&#8243; _builder_version=&#8220;4.27.4&#8243; _module_preset=&#8220;default&#8220; global_colors_info=&#8220;{}&#8220;][et_pb_image src=&#8220;https:\/\/ichzeit.ch\/wp-content\/uploads\/2025\/10\/Logo_ichZeit_gelb_weiss.png&#8220; title_text=&#8220;Logo_ichZeit_gelb_weiss&#8220; align=&#8220;center&#8220; align_tablet=&#8220;center&#8220; align_phone=&#8220;center&#8220; align_last_edited=&#8220;on|phone&#8220; _builder_version=&#8220;4.27.4&#8243; _module_preset=&#8220;default&#8220; width=&#8220;200px&#8220; custom_margin=&#8220;0px||||false|false&#8220; global_colors_info=&#8220;{}&#8220;][\/et_pb_image][\/et_pb_column][et_pb_column type=&#8220;1_3&#8243; _builder_version=&#8220;4.27.4&#8243; _module_preset=&#8220;default&#8220; global_colors_info=&#8220;{}&#8220;][et_pb_text _builder_version=&#8220;4.27.4&#8243; text_font=&#8220;||||||||&#8220; text_text_color=&#8220;rgba(0,0,0,0.5)&#8220; text_font_size=&#8220;18px&#8220; text_line_height=&#8220;1.8em&#8220; header_font=&#8220;||||||||&#8220; header_4_font=&#8220;|700||on|||||&#8220; header_4_text_color=&#8220;#ffd429&#8243; header_4_font_size=&#8220;16px&#8220; header_4_letter_spacing=&#8220;1px&#8220; header_4_line_height=&#8220;1.5em&#8220; background_layout=&#8220;dark&#8220; text_orientation_tablet=&#8220;center&#8220; text_orientation_phone=&#8220;center&#8220; text_orientation_last_edited=&#8220;on|desktop&#8220; locked=&#8220;off&#8220; global_colors_info=&#8220;{}&#8220;]<\/p>\n<h4><strong>Terminvereinbarung<\/strong><\/h4>\n<p>Ich freue mich, sie auf ihrem Weg zu ihrem Wohlbefinden oder ihrer Genesung mit meinem Handwerk zu begleiten.<\/p>\n<p>Priscilla Kaspar<\/p>\n<p>079 422 64 88<br \/>Telefonisch erreichen sie mich jeweils Montag Abend zwischen\u00a0<br \/>19h00 \u2013 20h00<\/p>\n<p><span style=\"color: #ffff00;\"><a href=\"mailto:contact@ichzeit.ch\" style=\"color: #ffd429;\">contact@ichzeit.ch<\/a><\/span><\/p>\n<p>[\/et_pb_text][et_pb_code _builder_version=&#8220;4.27.4&#8243; _module_preset=&#8220;default&#8220; module_alignment=&#8220;center&#8220; text_orientation_tablet=&#8220;&#8220; text_orientation_phone=&#8220;center&#8220; text_orientation_last_edited=&#8220;on|phone&#8220; custom_css_free_form=&#8220;.icon-links {||  display: flex;||  gap: 10px; \/* Abstand zwischen den Icons *\/||  justify-content: flex-start; \/* linksb\u00fcndig *\/||  align-items: center;||}||||.icon-links img {||  width: 40px;   \/* Icon-Gr\u00f6sse, bei Bedarf anpassen *\/||  height: auto;||  cursor: pointer;||}||||\/* Mobile: Icons zentrieren *\/||@media (max-width: 768px) {||  .icon-links {||    justify-content: center;||  }||}||&#8220; global_colors_info=&#8220;{}&#8220;]<\/p>\n<div class=\"icon-links\"><!-- [et_pb_line_break_holder] -->  <a href=\"https:\/\/wa.me\/41794226488\" target=\"_blank\" aria-label=\"WhatsApp\" rel=\"noopener\"><!-- [et_pb_line_break_holder] -->    <img decoding=\"async\" src=\"https:\/\/ichzeit.ch\/wp-content\/uploads\/2025\/10\/Whatsapp_gelb.png\" alt=\"WhatsApp\"><!-- [et_pb_line_break_holder] -->  <\/a><!-- [et_pb_line_break_holder] -->  <a href=\"https:\/\/signal.me\/#p\/+41794226488\" target=\"_blank\" aria-label=\"Signal\" rel=\"noopener\"><!-- [et_pb_line_break_holder] -->    <img decoding=\"async\" src=\"https:\/\/ichzeit.ch\/wp-content\/uploads\/2025\/10\/Signal_gelb.png\" alt=\"Signal\"><!-- [et_pb_line_break_holder] -->  <\/a><!-- [et_pb_line_break_holder] --><\/div>\n<p><!-- [et_pb_line_break_holder] -->[\/et_pb_code][\/et_pb_column][et_pb_column type=&#8220;1_3&#8243; _builder_version=&#8220;4.27.4&#8243; _module_preset=&#8220;default&#8220; global_colors_info=&#8220;{}&#8220;][et_pb_text _builder_version=&#8220;4.27.4&#8243; text_font=&#8220;||||||||&#8220; text_text_color=&#8220;rgba(0,0,0,0.5)&#8220; text_font_size=&#8220;18px&#8220; text_line_height=&#8220;1.8em&#8220; header_font=&#8220;||||||||&#8220; header_4_font=&#8220;|700||on|||||&#8220; header_4_text_color=&#8220;#ffd429&#8243; header_4_font_size=&#8220;16px&#8220; header_4_letter_spacing=&#8220;1px&#8220; header_4_line_height=&#8220;1.5em&#8220; background_layout=&#8220;dark&#8220; custom_margin_tablet=&#8220;40px||||false|false&#8220; custom_margin_phone=&#8220;40px||||false|false&#8220; custom_margin_last_edited=&#8220;on|desktop&#8220; text_orientation_tablet=&#8220;center&#8220; text_orientation_phone=&#8220;center&#8220; text_orientation_last_edited=&#8220;on|phone&#8220; locked=&#8220;off&#8220; global_colors_info=&#8220;{}&#8220;]<\/p>\n<h4>Standort<\/h4>\n<p><strong><span>Praxis ichzeit<br \/><\/span><\/strong><span>Gerbegraben 4<br \/>3110 M\u00fcnsingen<\/span><\/p>\n<p><span>und<\/span><\/p>\n<p><span>Eigerstrasse 42<br \/>3007 Bern<\/span><\/p>\n<p>&nbsp;<\/p>\n<p>[\/et_pb_text][\/et_pb_column][\/et_pb_row][\/et_pb_section]<\/p>\n","protected":false},"excerpt":{"rendered":"<p>AngebotFussmassage Eine Fussmassage kann als\u00a0 Verw\u00f6hnprogramm, als pr\u00e4ven-tive Gesundheitsmassnahme oder als therapeutische Be-Handlung zu Genesungszwecken angewandt werden. Mit der Be-Handlung bestimmter Druckpunkte und Massagetechni-ken, werden die Durchblutung und der Lymphfluss angeregt.So wird die N\u00e4hrstoffversorgung im K\u00f6rper aktiviert. Die Be-Handlung am Fuss wirkt beruhigend und entspannendauf K\u00f6rper und Geist. Dadurch werden ihre Eigenheilkr\u00e4fte aktiviert und Stauungen [&hellip;]<\/p>\n","protected":false},"author":2,"featured_media":0,"parent":0,"menu_order":0,"comment_status":"closed","ping_status":"closed","template":"","meta":{"_et_pb_use_builder":"on","_et_pb_old_content":"","_et_gb_content_width":"","footnotes":""},"class_list":["post-115","page","type-page","status-publish","hentry"],"_links":{"self":[{"href":"https:\/\/ichzeit.ch\/index.php?rest_route=\/wp\/v2\/pages\/115","targetHints":{"allow":["GET"]}}],"collection":[{"href":"https:\/\/ichzeit.ch\/index.php?rest_route=\/wp\/v2\/pages"}],"about":[{"href":"https:\/\/ichzeit.ch\/index.php?rest_route=\/wp\/v2\/types\/page"}],"author":[{"embeddable":true,"href":"https:\/\/ichzeit.ch\/index.php?rest_route=\/wp\/v2\/users\/2"}],"replies":[{"embeddable":true,"href":"https:\/\/ichzeit.ch\/index.php?rest_route=%2Fwp%2Fv2%2Fcomments&post=115"}],"version-history":[{"count":71,"href":"https:\/\/ichzeit.ch\/index.php?rest_route=\/wp\/v2\/pages\/115\/revisions"}],"predecessor-version":[{"id":838,"href":"https:\/\/ichzeit.ch\/index.php?rest_route=\/wp\/v2\/pages\/115\/revisions\/838"}],"wp:attachment":[{"href":"https:\/\/ichzeit.ch\/index.php?rest_route=%2Fwp%2Fv2%2Fmedia&parent=115"}],"curies":[{"name":"wp","href":"https:\/\/api.w.org\/{rel}","templated":true}]}}