{"id":548,"date":"2025-10-30T07:42:07","date_gmt":"2025-10-30T07:42:07","guid":{"rendered":"https:\/\/ichzeit.ch\/?page_id=548"},"modified":"2025-10-30T07:45:26","modified_gmt":"2025-10-30T07:45:26","slug":"impressum","status":"publish","type":"page","link":"https:\/\/ichzeit.ch\/?page_id=548","title":{"rendered":"Impressum"},"content":{"rendered":"<p>[et_pb_section fb_built=&#8220;1&#8243; admin_label=&#8220;Header&#8220; _builder_version=&#8220;4.27.4&#8243; background_enable_image=&#8220;off&#8220; background_size=&#8220;contain&#8220; overflow-x=&#8220;hidden&#8220; overflow-y=&#8220;hidden&#8220; custom_padding=&#8220;||93px|||&#8220; locked=&#8220;off&#8220; global_colors_info=&#8220;{}&#8220;][et_pb_row admin_label=&#8220;Zeile&#8220; _builder_version=&#8220;4.27.4&#8243; _module_preset=&#8220;default&#8220; global_colors_info=&#8220;{}&#8220;][et_pb_column type=&#8220;4_4&#8243; admin_label=&#8220;Spalte&#8220; _builder_version=&#8220;4.27.4&#8243; _module_preset=&#8220;default&#8220; global_colors_info=&#8220;{}&#8220;][et_pb_image src=&#8220;https:\/\/ichzeit.ch\/wp-content\/uploads\/2025\/09\/cropped-Logo_ichZeit_RGB_Weiss.png&#8220; title_text=&#8220;cropped-Logo_ichZeit_RGB_Weiss.png&#8220; url=&#8220;@ET-DC@eyJkeW5hbWljIjp0cnVlLCJjb250ZW50IjoicG9zdF9saW5rX3VybF9wYWdlIiwic2V0dGluZ3MiOnsicG9zdF9pZCI6IjM4In19@&#8220; align=&#8220;right&#8220; disabled_on=&#8220;on|on|off&#8220; module_id=&#8220;fixed-top-right&#8220; module_class=&#8220;fixed-top-right&#8220; _builder_version=&#8220;4.27.4&#8243; _dynamic_attributes=&#8220;url&#8220; _module_preset=&#8220;default&#8220; width=&#8220;150px&#8220; custom_margin=&#8220;||||false|false&#8220; custom_css_free_form=&#8220;.fixed-top-right {||  position: fixed;||  top: 0;||  left: 0;||  margin: 50px;||  margin-top: 100px;||  z-index: 9999; \/* sorgt daf\u00fcr, dass es \u00fcber allem liegt *\/||}||||||&#8220; global_module=&#8220;195&#8243; saved_tabs=&#8220;all&#8220; locked=&#8220;off&#8220; global_colors_info=&#8220;{}&#8220;][\/et_pb_image][et_pb_text _builder_version=&#8220;4.27.4&#8243; text_font=&#8220;||||||||&#8220; header_font=&#8220;|700|||||||&#8220; header_text_color=&#8220;gcid-primary-color&#8220; header_font_size=&#8220;42px&#8220; header_2_font=&#8220;|700|||||||&#8220; header_2_text_align=&#8220;center&#8220; header_2_text_color=&#8220;#2b2b2b&#8220; header_2_font_size=&#8220;42px&#8220; header_2_line_height=&#8220;1.5em&#8220; background_size=&#8220;initial&#8220; background_position=&#8220;top_left&#8220; background_repeat=&#8220;repeat&#8220; text_orientation=&#8220;center&#8220; module_alignment=&#8220;center&#8220; custom_margin=&#8220;25px||20px||false|false&#8220; locked=&#8220;off&#8220; global_colors_info=&#8220;{%22gcid-primary-color%22:%91%22header_text_color%22%93}&#8220;]<\/p>\n<h1>Impressum<\/h1>\n<p>[\/et_pb_text][\/et_pb_column][\/et_pb_row][et_pb_row column_structure=&#8220;1_2,1_2&#8243; admin_label=&#8220;Zeile&#8220; _builder_version=&#8220;4.27.4&#8243; _module_preset=&#8220;default&#8220; global_colors_info=&#8220;{}&#8220;][et_pb_column type=&#8220;1_2&#8243; admin_label=&#8220;Spalte&#8220; _builder_version=&#8220;4.27.4&#8243; _module_preset=&#8220;default&#8220; global_colors_info=&#8220;{}&#8220;][et_pb_text _builder_version=&#8220;4.27.4&#8243; _module_preset=&#8220;default&#8220; text_font_size=&#8220;16px&#8220; text_line_height=&#8220;1.8em&#8220; header_2_font=&#8220;|700||on|||||&#8220; header_2_text_color=&#8220;gcid-primary-color&#8220; header_3_text_color=&#8220;gcid-primary-color&#8220; header_4_font=&#8220;|600|||||||&#8220; background_color=&#8220;#FFFFFF&#8220; custom_padding=&#8220;20px|20px|40px|20px|false|false&#8220; locked=&#8220;off&#8220; global_colors_info=&#8220;{%22gcid-primary-color%22:%91%22header_2_text_color%22,%22header_3_text_color%22%93}&#8220;]<\/p>\n<h3><strong>Inhaltlich verantwortlich<\/strong><\/h3>\n<p>Priscilla Kaspar<br \/>ichZeit<br \/><a href=\"mailto:contact@ichzeit.ch\">contact@ichzeit.ch<\/a><br \/>Tel.: +41 79 422 64 88<\/p>\n<h3><strong><\/strong><\/h3>\n<h3><strong>Webdesign<\/strong><\/h3>\n<p>Mirjam Fl\u00fcckiger<br \/>Fl\u00fcckiger-Design<br \/><a href=\"mailto:info@flueckiger-design.ch\">info@flueckiger-design.ch<\/a><br \/><a href=\"http:\/\/www.flueckiger-design.ch\" target=\"_blank\" rel=\"noopener\">www.flueckiger-design.ch<\/a><\/p>\n<h3><\/h3>\n<h3><strong>Copyright<\/strong><\/h3>\n<p>Das Copyright f\u00fcr s\u00e4mtliche Inhalte dieser Website liegt bei Priscilla Kaspar.<\/p>\n<h3><\/h3>\n<h3><strong>Bildernachweis<\/strong><\/h3>\n<p>Priscilla Kaspar<\/p>\n<p>[\/et_pb_text][\/et_pb_column][et_pb_column type=&#8220;1_2&#8243; admin_label=&#8220;Spalte&#8220; _builder_version=&#8220;4.27.4&#8243; _module_preset=&#8220;default&#8220; global_colors_info=&#8220;{}&#8220;][et_pb_text _builder_version=&#8220;4.27.4&#8243; _module_preset=&#8220;default&#8220; text_text_color=&#8220;gcid-body-color&#8220; text_font_size=&#8220;18px&#8220; text_line_height=&#8220;1.8em&#8220; header_3_text_color=&#8220;gcid-primary-color&#8220; global_colors_info=&#8220;{%22gcid-body-color%22:%91%22text_text_color%22%93,%22gcid-primary-color%22:%91%22header_3_text_color%22%93}&#8220;]<\/p>\n<h3><strong>Disclaimer<\/strong><\/h3>\n<p>Alle Texte und Links wurden sorgf\u00e4ltig gepr\u00fcft und werden laufend aktualisiert. Wir sind bem\u00fcht, richtige und vollst\u00e4ndige Informationen auf dieser Website bereitzustellen, \u00fcbernehmen aber keinerlei Verantwortung, Garantien oder Haftung daf\u00fcr, dass die durch diese Website bereitgestellten Informationen, richtig, vollst\u00e4ndig oder aktuell sind.<\/p>\n<p>Wir behalten uns das Recht vor, jederzeit und ohne Vorank\u00fcndigung die Informationen auf dieser Website zu \u00e4ndern (darunter auch Preise) und verpflichten uns auch nicht, die enthaltenen Informationen zu aktualisieren.<\/p>\n<p>Alle Links zu externen Anbietern wurden zum Zeitpunkt ihrer Aufnahme auf ihre Richtigkeit \u00fcberpr\u00fcft, dennoch haften wir nicht f\u00fcr Inhalte und Verf\u00fcgbarkeit von Websites, die mittels Hyperlinks zu erreichen sind. F\u00fcr illegale, fehlerhafte oder unvollst\u00e4ndige Inhalte und insbesondere f\u00fcr Sch\u00e4den, die durch Inhalte verkn\u00fcpfter Seiten entstehen, haftet allein der Anbieter der Seite, auf welche verwiesen wurde. Dabei ist es gleichg\u00fcltig, ob der Schaden direkter, indirekter oder finanzieller Natur ist oder ein sonstiger Schaden vorliegt, der sich aus Datenverlust, Nutzungsausfall oder anderen Gr\u00fcnden aller Art ergeben k\u00f6nnte.<\/p>\n<p>[\/et_pb_text][\/et_pb_column][\/et_pb_row][\/et_pb_section][et_pb_section fb_built=&#8220;1&#8243; _builder_version=&#8220;4.27.4&#8243; _module_preset=&#8220;default&#8220; background_color=&#8220;#73b841&#8243; global_module=&#8220;80&#8243; saved_tabs=&#8220;all&#8220; global_colors_info=&#8220;{}&#8220;][et_pb_row column_structure=&#8220;1_3,1_3,1_3&#8243; _builder_version=&#8220;4.27.4&#8243; _module_preset=&#8220;default&#8220; global_colors_info=&#8220;{}&#8220;][et_pb_column type=&#8220;1_3&#8243; _builder_version=&#8220;4.27.4&#8243; _module_preset=&#8220;default&#8220; global_colors_info=&#8220;{}&#8220;][et_pb_image src=&#8220;https:\/\/ichzeit.ch\/wp-content\/uploads\/2025\/10\/Logo_ichZeit_gelb_weiss.png&#8220; title_text=&#8220;Logo_ichZeit_gelb_weiss&#8220; align=&#8220;center&#8220; align_tablet=&#8220;left&#8220; align_phone=&#8220;center&#8220; align_last_edited=&#8220;on|phone&#8220; _builder_version=&#8220;4.27.4&#8243; _module_preset=&#8220;default&#8220; width=&#8220;200px&#8220; custom_margin=&#8220;0px||||false|false&#8220; global_colors_info=&#8220;{}&#8220;][\/et_pb_image][\/et_pb_column][et_pb_column type=&#8220;1_3&#8243; _builder_version=&#8220;4.27.4&#8243; _module_preset=&#8220;default&#8220; global_colors_info=&#8220;{}&#8220;][et_pb_text _builder_version=&#8220;4.27.4&#8243; text_font=&#8220;||||||||&#8220; text_text_color=&#8220;rgba(0,0,0,0.5)&#8220; text_font_size=&#8220;18px&#8220; text_line_height=&#8220;1.8em&#8220; header_font=&#8220;||||||||&#8220; header_4_font=&#8220;|700||on|||||&#8220; header_4_text_color=&#8220;#ffd429&#8243; header_4_font_size=&#8220;16px&#8220; header_4_letter_spacing=&#8220;1px&#8220; header_4_line_height=&#8220;1.5em&#8220; background_layout=&#8220;dark&#8220; text_orientation_tablet=&#8220;&#8220; text_orientation_phone=&#8220;center&#8220; text_orientation_last_edited=&#8220;on|phone&#8220; locked=&#8220;off&#8220; global_colors_info=&#8220;{}&#8220;]<\/p>\n<h4><strong>Terminvereinbarung<\/strong><\/h4>\n<p>Ich freue mich, sie auf ihrem Weg zu ihrem Wohlbefinden oder ihrer Genesung mit meinem Handwerk zu begleiten.<\/p>\n<p>Priscilla Kaspar<\/p>\n<p>079 422 64 88<br \/>Telefonisch erreichen sie mich jeweils Mittwoch Abend<br \/>19h00 \u2013 20h00<\/p>\n<p><span style=\"color: #ffff00;\"><a href=\"mailto:contact@ichzeit.ch\" style=\"color: #ffd429;\">contact@ichzeit.ch<\/a><\/span><\/p>\n<p>[\/et_pb_text][et_pb_code _builder_version=&#8220;4.27.4&#8243; _module_preset=&#8220;default&#8220; text_orientation_tablet=&#8220;&#8220; text_orientation_phone=&#8220;center&#8220; text_orientation_last_edited=&#8220;on|phone&#8220; custom_css_free_form=&#8220;.icon-links {||  display: flex;||  gap: 10px; \/* Abstand zwischen den Icons *\/||  justify-content: flex-start; \/* linksb\u00fcndig *\/||  align-items: center;||}||||.icon-links img {||  width: 40px;   \/* Icon-Gr\u00f6sse, bei Bedarf anpassen *\/||  height: auto;||  cursor: pointer;||}||||\/* Mobile: Icons zentrieren *\/||@media (max-width: 768px) {||  .icon-links {||    justify-content: center;||  }||}||&#8220; global_colors_info=&#8220;{}&#8220;]<\/p>\n<div class=\"icon-links\"><!-- [et_pb_line_break_holder] -->  <a href=\"https:\/\/wa.me\/41794226488\" target=\"_blank\" aria-label=\"WhatsApp\" rel=\"noopener\"><!-- [et_pb_line_break_holder] -->    <img decoding=\"async\" src=\"https:\/\/ichzeit.ch\/wp-content\/uploads\/2025\/10\/Whatsapp_gelb.png\" alt=\"WhatsApp\"><!-- [et_pb_line_break_holder] -->  <\/a><!-- [et_pb_line_break_holder] -->  <a href=\"https:\/\/signal.me\/#p\/+41794226488\" target=\"_blank\" aria-label=\"Signal\" rel=\"noopener\"><!-- [et_pb_line_break_holder] -->    <img decoding=\"async\" src=\"https:\/\/ichzeit.ch\/wp-content\/uploads\/2025\/10\/Signal_gelb.png\" alt=\"Signal\"><!-- [et_pb_line_break_holder] -->  <\/a><!-- [et_pb_line_break_holder] --><\/div>\n<p><!-- [et_pb_line_break_holder] -->[\/et_pb_code][\/et_pb_column][et_pb_column type=&#8220;1_3&#8243; _builder_version=&#8220;4.27.4&#8243; _module_preset=&#8220;default&#8220; global_colors_info=&#8220;{}&#8220;][et_pb_text _builder_version=&#8220;4.27.4&#8243; text_font=&#8220;||||||||&#8220; text_text_color=&#8220;rgba(0,0,0,0.5)&#8220; text_font_size=&#8220;18px&#8220; text_line_height=&#8220;1.8em&#8220; header_font=&#8220;||||||||&#8220; header_4_font=&#8220;|700||on|||||&#8220; header_4_text_color=&#8220;#ffd429&#8243; header_4_font_size=&#8220;16px&#8220; header_4_letter_spacing=&#8220;1px&#8220; header_4_line_height=&#8220;1.5em&#8220; background_layout=&#8220;dark&#8220; text_orientation_tablet=&#8220;&#8220; text_orientation_phone=&#8220;center&#8220; text_orientation_last_edited=&#8220;on|phone&#8220; locked=&#8220;off&#8220; global_colors_info=&#8220;{}&#8220;]<\/p>\n<h4>Standort<\/h4>\n<p><strong><span>Praxis ichzeit<br \/><\/span><\/strong><span>Eigerstrasse 42<br \/>3007 Bern<\/span><\/p>\n<p><span>Zentral gelegen im<br \/>Monbijou-Sulgenau-Quartier.<br \/><\/span><\/p>\n<p><span>Parkplatzm\u00f6glichkeiten:<br \/>Bitte ben\u00fctzen sie die blaue Zone <\/span><span>im umliegenden Quartier.<br \/><\/span><\/p>\n<p><span>Mit dem 9i Tram oder dem 19er Bus sind sie in 5-7 Minuten vom Bahnhof Bern oder Hirschengraben bei der Haltestelle \u201eSulgenau\u201c.<br \/>Weitere 2 Minuten zu Fuss Richtung Eigerplatz bringen sie zu mir.<\/span><\/p>\n<p>[\/et_pb_text][\/et_pb_column][\/et_pb_row][\/et_pb_section]<\/p>\n","protected":false},"excerpt":{"rendered":"<p>ImpressumInhaltlich verantwortlich Priscilla KasparichZeitcontact@ichzeit.chTel.: +41 79 422 64 88 Webdesign Mirjam Fl\u00fcckigerFl\u00fcckiger-Designinfo@flueckiger-design.chwww.flueckiger-design.ch Copyright Das Copyright f\u00fcr s\u00e4mtliche Inhalte dieser Website liegt bei Priscilla Kaspar. Bildernachweis Priscilla KasparDisclaimer Alle Texte und Links wurden sorgf\u00e4ltig gepr\u00fcft und werden laufend aktualisiert. Wir sind bem\u00fcht, richtige und vollst\u00e4ndige Informationen auf dieser Website bereitzustellen, \u00fcbernehmen aber keinerlei Verantwortung, Garantien oder [&hellip;]<\/p>\n","protected":false},"author":2,"featured_media":0,"parent":0,"menu_order":0,"comment_status":"closed","ping_status":"closed","template":"","meta":{"_et_pb_use_builder":"on","_et_pb_old_content":"","_et_gb_content_width":"","footnotes":""},"class_list":["post-548","page","type-page","status-publish","hentry"],"_links":{"self":[{"href":"https:\/\/ichzeit.ch\/index.php?rest_route=\/wp\/v2\/pages\/548","targetHints":{"allow":["GET"]}}],"collection":[{"href":"https:\/\/ichzeit.ch\/index.php?rest_route=\/wp\/v2\/pages"}],"about":[{"href":"https:\/\/ichzeit.ch\/index.php?rest_route=\/wp\/v2\/types\/page"}],"author":[{"embeddable":true,"href":"https:\/\/ichzeit.ch\/index.php?rest_route=\/wp\/v2\/users\/2"}],"replies":[{"embeddable":true,"href":"https:\/\/ichzeit.ch\/index.php?rest_route=%2Fwp%2Fv2%2Fcomments&post=548"}],"version-history":[{"count":5,"href":"https:\/\/ichzeit.ch\/index.php?rest_route=\/wp\/v2\/pages\/548\/revisions"}],"predecessor-version":[{"id":560,"href":"https:\/\/ichzeit.ch\/index.php?rest_route=\/wp\/v2\/pages\/548\/revisions\/560"}],"wp:attachment":[{"href":"https:\/\/ichzeit.ch\/index.php?rest_route=%2Fwp%2Fv2%2Fmedia&parent=548"}],"curies":[{"name":"wp","href":"https:\/\/api.w.org\/{rel}","templated":true}]}}